{"id":3473,"date":"2025-09-09T06:40:07","date_gmt":"2025-09-08T23:40:07","guid":{"rendered":"https:\/\/createdanang.com\/?page_id=3473"},"modified":"2025-09-09T06:53:00","modified_gmt":"2025-09-08T23:53:00","slug":"term-of-use","status":"publish","type":"page","link":"https:\/\/createdanang.com\/vi\/term-of-use\/","title":{"rendered":"Term of use"},"content":{"rendered":"<div data-elementor-type=\"wp-page\" data-elementor-id=\"3473\" class=\"elementor elementor-3473\" data-elementor-post-type=\"page\">\n\t\t\t\t\t\t<section class=\"elementor-section elementor-top-section elementor-element elementor-element-4f416c4c elementor-section-boxed elementor-section-height-default elementor-section-height-default\" data-id=\"4f416c4c\" data-element_type=\"section\" data-e-type=\"section\">\n\t\t\t\t\t\t<div class=\"elementor-container elementor-column-gap-default\">\n\t\t\t\t\t<div class=\"elementor-column elementor-col-100 elementor-top-column elementor-element elementor-element-564e4b05\" data-id=\"564e4b05\" data-element_type=\"column\" data-e-type=\"column\">\n\t\t\t<div class=\"elementor-widget-wrap elementor-element-populated\">\n\t\t\t\t\t\t<div class=\"elementor-element elementor-element-147d9530 elementor-widget elementor-widget-text-editor\" data-id=\"147d9530\" data-element_type=\"widget\" data-e-type=\"widget\" data-widget_type=\"text-editor.default\">\n\t\t\t\t<div class=\"elementor-widget-container\">\n\t\t\t\t\t\t\t\t\t\n<h1 data-start=\"144\" data-end=\"170\"><strong data-start=\"146\" data-end=\"168\">\u0110i\u1ec1u kho\u1ea3n s\u1eed d\u1ee5ng<\/strong><\/h1>\n<p data-start=\"172\" data-end=\"497\">Ch\u00e0o m\u1eebng h\u1ecdc vi\u00ean \u0111\u1ebfn v\u1edbi <strong data-start=\"199\" data-end=\"215\">Createdanang<\/strong>! Khi \u0111\u0103ng k\u00fd v\u00e0 tham gia kh\u00f3a h\u1ecdc t\u1ea1i qu\u00e1n caf\u00e9 c\u1ee7a ch\u00fang t\u00f4i, h\u1ecdc vi\u00ean \u0111\u1ed3ng \u00fd tu\u00e2n th\u1ee7 c\u00e1c <strong data-start=\"308\" data-end=\"330\">\u0110i\u1ec1u kho\u1ea3n s\u1eed d\u1ee5ng<\/strong> d\u01b0\u1edbi \u0111\u00e2y. M\u1ee5c \u0111\u00edch c\u1ee7a c\u00e1c \u0111i\u1ec1u kho\u1ea3n l\u00e0 \u0111\u1ea3m b\u1ea3o quy\u1ec1n l\u1ee3i cho c\u1ea3 h\u1ecdc vi\u00ean v\u00e0 \u0111\u01a1n v\u1ecb, \u0111\u1ed3ng th\u1eddi duy tr\u00ec m\u00f4i tr\u01b0\u1eddng h\u1ecdc t\u1eadp <strong data-start=\"454\" data-end=\"494\">an to\u00e0n, chuy\u00ean nghi\u1ec7p v\u00e0 th\u00e2n thi\u1ec7n<\/strong>.<\/p>\n<hr data-start=\"499\" data-end=\"502\" \/>\n<h2 data-start=\"504\" data-end=\"552\"><strong data-start=\"507\" data-end=\"550\">1. Quy \u0111\u1ecbnh chung khi tham gia kh\u00f3a h\u1ecdc<\/strong><\/h2>\n<ol data-start=\"554\" data-end=\"1212\">\n<li data-start=\"554\" data-end=\"698\">\n<p data-start=\"557\" data-end=\"698\">H\u1ecdc vi\u00ean ph\u1ea3i cung c\u1ea5p th\u00f4ng tin <strong data-start=\"590\" data-end=\"613\">ch\u00ednh x\u00e1c v\u00e0 \u0111\u1ea7y \u0111\u1ee7<\/strong> khi \u0111\u0103ng k\u00fd, bao g\u1ed3m h\u1ecd t\u00ean, s\u1ed1 \u0111i\u1ec7n tho\u1ea1i, email v\u00e0 c\u00e1c th\u00f4ng tin li\u00ean quan kh\u00e1c.<\/p>\n<\/li>\n<li data-start=\"699\" data-end=\"817\">\n<p data-start=\"702\" data-end=\"817\">Th\u00f4ng tin \u0111\u0103ng k\u00fd ch\u1ec9 \u0111\u01b0\u1ee3c s\u1eed d\u1ee5ng cho <strong data-start=\"741\" data-end=\"761\">m\u1ee5c \u0111\u00edch c\u00e1 nh\u00e2n<\/strong>, kh\u00f4ng \u0111\u01b0\u1ee3c chuy\u1ec3n nh\u01b0\u1ee3ng hay chia s\u1ebb cho ng\u01b0\u1eddi kh\u00e1c.<\/p>\n<\/li>\n<li data-start=\"818\" data-end=\"984\">\n<p data-start=\"821\" data-end=\"984\">H\u1ecdc vi\u00ean c\u1ea7n <strong data-start=\"834\" data-end=\"850\">\u0111\u1ebfn \u0111\u00fang gi\u1edd<\/strong> v\u00e0 \u0111\u00fang \u0111\u1ecba \u0111i\u1ec3m \u0111\u00e3 \u0111\u0103ng k\u00fd. Vi\u1ec7c tr\u1ec5 gi\u1edd ho\u1eb7c kh\u00f4ng th\u00f4ng b\u00e1o tr\u01b0\u1edbc c\u00f3 th\u1ec3 d\u1eabn \u0111\u1ebfn vi\u1ec7c <strong data-start=\"940\" data-end=\"981\">m\u1ea5t bu\u1ed5i h\u1ecdc ho\u1eb7c \u00e1p d\u1ee5ng ph\u00ed b\u1ed5 sung<\/strong>.<\/p>\n<\/li>\n<li data-start=\"985\" data-end=\"1124\">\n<p data-start=\"988\" data-end=\"1124\">H\u1ecdc vi\u00ean ph\u1ea3i gi\u1eef g\u00ecn <strong data-start=\"1010\" data-end=\"1041\">v\u1ec7 sinh, tr\u1eadt t\u1ef1 v\u00e0 t\u00e0i s\u1ea3n<\/strong> t\u1ea1i qu\u00e1n caf\u00e9, kh\u00f4ng g\u00e2y h\u01b0 h\u1ea1i c\u01a1 s\u1edf v\u1eadt ch\u1ea5t ho\u1eb7c l\u00e0m phi\u1ec1n c\u00e1c h\u1ecdc vi\u00ean kh\u00e1c.<\/p>\n<\/li>\n<li data-start=\"1125\" data-end=\"1212\">\n<p data-start=\"1128\" data-end=\"1212\">Kh\u00f4ng mang \u0111\u1ed3 \u0103n ho\u1eb7c th\u1ee9c u\u1ed1ng b\u00ean ngo\u00e0i (tr\u1eeb tr\u01b0\u1eddng h\u1ee3p qu\u00e1n c\u00f3 quy \u0111\u1ecbnh ri\u00eang).<\/p>\n<\/li>\n<\/ol>\n<hr data-start=\"1214\" data-end=\"1217\" \/>\n<h2 data-start=\"1219\" data-end=\"1265\"><strong data-start=\"1222\" data-end=\"1263\">2. Quy\u1ec1n l\u1ee3i v\u00e0 ngh\u0129a v\u1ee5 c\u1ee7a h\u1ecdc vi\u00ean<\/strong><\/h2>\n<h3 data-start=\"1267\" data-end=\"1287\"><strong data-start=\"1271\" data-end=\"1284\">Quy\u1ec1n l\u1ee3i<\/strong>:<\/h3>\n<ul data-start=\"1288\" data-end=\"1619\">\n<li data-start=\"1288\" data-end=\"1342\">\n<p data-start=\"1290\" data-end=\"1342\">Tham gia \u0111\u1ea7y \u0111\u1ee7 c\u00e1c bu\u1ed5i h\u1ecdc theo l\u1ecbch \u0111\u00e3 \u0111\u0103ng k\u00fd.<\/p>\n<\/li>\n<li data-start=\"1343\" data-end=\"1430\">\n<p data-start=\"1345\" data-end=\"1430\">\u0110\u01b0\u1ee3c cung c\u1ea5p <strong data-start=\"1359\" data-end=\"1380\">d\u1ee5ng c\u1ee5 v\u1ebd c\u01a1 b\u1ea3n<\/strong> (gi\u1ea5y, b\u00fat, m\u00e0u) ho\u1eb7c h\u01b0\u1edbng d\u1eabn chu\u1ea9n b\u1ecb tr\u01b0\u1edbc.<\/p>\n<\/li>\n<li data-start=\"1431\" data-end=\"1532\">\n<p data-start=\"1433\" data-end=\"1532\">Nh\u1eadn s\u1ef1 h\u01b0\u1edbng d\u1eabn tr\u1ef1c ti\u1ebfp, t\u01b0 v\u1ea5n k\u1ef9 thu\u1eadt v\u00e0 ph\u01b0\u01a1ng ph\u00e1p v\u1ebd t\u1eeb gi\u1ea3ng vi\u00ean trong su\u1ed1t bu\u1ed5i h\u1ecdc.<\/p>\n<\/li>\n<li data-start=\"1533\" data-end=\"1619\">\n<p data-start=\"1535\" data-end=\"1619\">\u0110\u01b0\u1ee3c h\u1ed7 tr\u1ee3 v\u00e0 ph\u1ea3n h\u1ed3i k\u1ecbp th\u1eddi t\u1eeb \u0111\u1ed9i ng\u0169 nh\u00e2n vi\u00ean n\u1ebfu c\u00f3 th\u1eafc m\u1eafc v\u1ec1 kh\u00f3a h\u1ecdc.<\/p>\n<\/li>\n<\/ul>\n<h3 data-start=\"1621\" data-end=\"1640\"><strong data-start=\"1625\" data-end=\"1637\">Ngh\u0129a v\u1ee5<\/strong>:<\/h3>\n<ul data-start=\"1641\" data-end=\"1961\">\n<li data-start=\"1641\" data-end=\"1699\">\n<p data-start=\"1643\" data-end=\"1699\">Thanh to\u00e1n \u0111\u1ea7y \u0111\u1ee7 h\u1ecdc ph\u00ed tr\u01b0\u1edbc khi tham gia kh\u00f3a h\u1ecdc.<\/p>\n<\/li>\n<li data-start=\"1700\" data-end=\"1756\">\n<p data-start=\"1702\" data-end=\"1756\">Tu\u00e2n th\u1ee7 n\u1ed9i quy l\u1edbp h\u1ecdc v\u00e0 h\u01b0\u1edbng d\u1eabn t\u1eeb gi\u1ea3ng vi\u00ean.<\/p>\n<\/li>\n<li data-start=\"1757\" data-end=\"1853\">\n<p data-start=\"1759\" data-end=\"1853\">Th\u00f4ng b\u00e1o tr\u01b0\u1edbc n\u1ebfu c\u1ea7n <strong data-start=\"1783\" data-end=\"1813\">\u0111\u1ed5i l\u1ecbch h\u1ecdc ho\u1eb7c v\u1eafng m\u1eb7t<\/strong>, t\u1ed1i thi\u1ec3u <strong data-start=\"1825\" data-end=\"1850\">24 gi\u1edd tr\u01b0\u1edbc bu\u1ed5i h\u1ecdc<\/strong>.<\/p>\n<\/li>\n<li data-start=\"1854\" data-end=\"1961\">\n<p data-start=\"1856\" data-end=\"1961\">Kh\u00f4ng sao ch\u00e9p, ph\u00e1t t\u00e1n ho\u1eb7c s\u1eed d\u1ee5ng tr\u00e1i ph\u00e9p t\u00e0i li\u1ec7u h\u1ecdc t\u1eadp cho m\u1ee5c \u0111\u00edch th\u01b0\u01a1ng m\u1ea1i ho\u1eb7c phi ph\u00e1p.<\/p>\n<\/li>\n<\/ul>\n<hr data-start=\"1963\" data-end=\"1966\" \/>\n<h2 data-start=\"1968\" data-end=\"2017\"><strong data-start=\"1971\" data-end=\"2015\">3. Quy\u1ec1n v\u00e0 tr\u00e1ch nhi\u1ec7m c\u1ee7a Createdanang<\/strong><\/h2>\n<h3 data-start=\"2019\" data-end=\"2052\"><strong data-start=\"2023\" data-end=\"2049\">Quy\u1ec1n c\u1ee7a Createdanang<\/strong>:<\/h3>\n<ul data-start=\"2053\" data-end=\"2371\">\n<li data-start=\"2053\" data-end=\"2169\">\n<p data-start=\"2055\" data-end=\"2169\">Thay \u0111\u1ed5i gi\u1ea3ng vi\u00ean, l\u1ecbch h\u1ecdc ho\u1eb7c \u0111\u1ecba \u0111i\u1ec3m trong tr\u01b0\u1eddng h\u1ee3p b\u1ea5t kh\u1ea3 kh\u00e1ng, v\u1edbi th\u00f4ng b\u00e1o k\u1ecbp th\u1eddi cho h\u1ecdc vi\u00ean.<\/p>\n<\/li>\n<li data-start=\"2170\" data-end=\"2273\">\n<p data-start=\"2172\" data-end=\"2273\">T\u1eeb ch\u1ed1i ph\u1ee5c v\u1ee5 h\u1ecdc vi\u00ean n\u1ebfu vi ph\u1ea1m nghi\u00eam tr\u1ecdng n\u1ed9i quy, g\u00e2y m\u1ea5t tr\u1eadt t\u1ef1 ho\u1eb7c l\u00e0m h\u01b0 h\u1ea1i t\u00e0i s\u1ea3n.<\/p>\n<\/li>\n<li data-start=\"2274\" data-end=\"2371\">\n<p data-start=\"2276\" data-end=\"2371\">\u00c1p d\u1ee5ng c\u00e1c bi\u1ec7n ph\u00e1p c\u1ea7n thi\u1ebft \u0111\u1ec3 b\u1ea3o v\u1ec7 t\u00e0i s\u1ea3n, quy\u1ec1n l\u1ee3i c\u1ee7a gi\u1ea3ng vi\u00ean v\u00e0 h\u1ecdc vi\u00ean kh\u00e1c.<\/p>\n<\/li>\n<\/ul>\n<h3 data-start=\"2373\" data-end=\"2412\"><strong data-start=\"2377\" data-end=\"2409\">Tr\u00e1ch nhi\u1ec7m c\u1ee7a Createdanang<\/strong>:<\/h3>\n<ul data-start=\"2413\" data-end=\"2723\">\n<li data-start=\"2413\" data-end=\"2482\">\n<p data-start=\"2415\" data-end=\"2482\">Cung c\u1ea5p kh\u00f3a h\u1ecdc \u0111\u00fang nh\u01b0 cam k\u1ebft, \u0111\u1ea3m b\u1ea3o ch\u1ea5t l\u01b0\u1ee3ng gi\u1ea3ng d\u1ea1y.<\/p>\n<\/li>\n<li data-start=\"2483\" data-end=\"2553\">\n<p data-start=\"2485\" data-end=\"2553\">Chu\u1ea9n b\u1ecb \u0111\u1ea7y \u0111\u1ee7 d\u1ee5ng c\u1ee5, kh\u00f4ng gian h\u1ecdc t\u1eadp v\u00e0 t\u00e0i li\u1ec7u c\u1ea7n thi\u1ebft.<\/p>\n<\/li>\n<li data-start=\"2554\" data-end=\"2638\">\n<p data-start=\"2556\" data-end=\"2638\">Li\u00ean h\u1ec7 h\u1ecdc vi\u00ean k\u1ecbp th\u1eddi khi c\u00f3 thay \u0111\u1ed5i v\u1ec1 l\u1ecbch h\u1ecdc ho\u1eb7c c\u00e1c v\u1ea5n \u0111\u1ec1 ph\u00e1t sinh.<\/p>\n<\/li>\n<li data-start=\"2639\" data-end=\"2723\">\n<p data-start=\"2641\" data-end=\"2723\">B\u1ea3o v\u1ec7 th\u00f4ng tin c\u00e1 nh\u00e2n c\u1ee7a h\u1ecdc vi\u00ean, tu\u00e2n th\u1ee7 c\u00e1c quy \u0111\u1ecbnh v\u1ec1 b\u1ea3o m\u1eadt d\u1eef li\u1ec7u.<\/p>\n<\/li>\n<\/ul>\n<hr data-start=\"2725\" data-end=\"2728\" \/>\n<h2 data-start=\"2730\" data-end=\"2769\"><strong data-start=\"2733\" data-end=\"2767\">4. Ch\u00ednh s\u00e1ch h\u1ee7y v\u00e0 ho\u00e0n ti\u1ec1n<\/strong><\/h2>\n<ul data-start=\"2771\" data-end=\"3166\">\n<li data-start=\"2771\" data-end=\"2880\">\n<p data-start=\"2773\" data-end=\"2880\">H\u1ecdc vi\u00ean c\u00f3 th\u1ec3 <strong data-start=\"2789\" data-end=\"2805\">\u0111\u1ed5i l\u1ecbch h\u1ecdc<\/strong> n\u1ebfu th\u00f4ng b\u00e1o tr\u01b0\u1edbc <strong data-start=\"2826\" data-end=\"2846\">t\u1ed1i thi\u1ec3u 24 gi\u1edd<\/strong>, t\u00f9y kh\u1ea3 n\u0103ng s\u1eafp x\u1ebfp c\u1ee7a qu\u00e1n.<\/p>\n<\/li>\n<li data-start=\"2881\" data-end=\"3062\">\n<p data-start=\"2883\" data-end=\"2952\">Tr\u01b0\u1eddng h\u1ee3p <strong data-start=\"2894\" data-end=\"2910\">h\u1ee7y bu\u1ed5i h\u1ecdc<\/strong> sau khi \u0111\u00e3 thanh to\u00e1n, h\u1ecdc vi\u00ean c\u00f3 th\u1ec3:<\/p>\n<ul data-start=\"2955\" data-end=\"3062\">\n<li data-start=\"2955\" data-end=\"3062\">\n<p data-start=\"2957\" data-end=\"3062\">Nh\u1eadn <strong data-start=\"2962\" data-end=\"2975\">ho\u00e0n ti\u1ec1n<\/strong> ho\u1eb7c <strong data-start=\"2981\" data-end=\"3006\">chuy\u1ec3n sang bu\u1ed5i kh\u00e1c<\/strong>, t\u00f9y theo ch\u00ednh s\u00e1ch th\u00f4ng b\u00e1o tr\u00ean trang thanh to\u00e1n.<\/p>\n<\/li>\n<\/ul>\n<\/li>\n<li data-start=\"3063\" data-end=\"3166\">\n<p data-start=\"3065\" data-end=\"3166\">M\u1ecdi y\u00eau c\u1ea7u ho\u00e0n ti\u1ec1n ho\u1eb7c \u0111\u1ed5i l\u1ecbch ph\u1ea3i \u0111\u01b0\u1ee3c x\u00e1c nh\u1eadn qua <strong data-start=\"3124\" data-end=\"3146\">email ho\u1eb7c hotline<\/strong> c\u1ee7a Createdanang.<\/p>\n<\/li>\n<\/ul>\n<hr data-start=\"3168\" data-end=\"3171\" \/>\n<h2 data-start=\"3173\" data-end=\"3192\"><strong data-start=\"3176\" data-end=\"3190\">5. Cam k\u1ebft<\/strong><\/h2>\n<ul data-start=\"3194\" data-end=\"3503\">\n<li data-start=\"3194\" data-end=\"3283\">\n<p data-start=\"3196\" data-end=\"3283\">\u0110i\u1ec1u kho\u1ea3n n\u00e0y \u00e1p d\u1ee5ng cho t\u1ea5t c\u1ea3 h\u1ecdc vi\u00ean khi \u0111\u0103ng k\u00fd kh\u00f3a h\u1ecdc t\u1ea1i <strong data-start=\"3264\" data-end=\"3280\">Createdanang<\/strong>.<\/p>\n<\/li>\n<li data-start=\"3284\" data-end=\"3393\">\n<p data-start=\"3286\" data-end=\"3393\">Vi\u1ec7c \u0111\u0103ng k\u00fd \u0111\u1ed3ng ngh\u0129a v\u1edbi vi\u1ec7c h\u1ecdc vi\u00ean <strong data-start=\"3328\" data-end=\"3390\">\u0111\u00e3 \u0111\u1ecdc, hi\u1ec3u v\u00e0 \u0111\u1ed3ng \u00fd tu\u00e2n th\u1ee7 to\u00e0n b\u1ed9 \u0111i\u1ec1u kho\u1ea3n s\u1eed d\u1ee5ng<\/strong>.<\/p>\n<\/li>\n<li data-start=\"3394\" data-end=\"3503\">\n<p data-start=\"3396\" data-end=\"3503\">Ch\u00fang t\u00f4i c\u00f3 quy\u1ec1n c\u1eadp nh\u1eadt ho\u1eb7c b\u1ed5 sung \u0111i\u1ec1u kho\u1ea3n khi c\u1ea7n thi\u1ebft, v\u00e0 s\u1ebd th\u00f4ng b\u00e1o k\u1ecbp th\u1eddi t\u1edbi h\u1ecdc vi\u00ean.<\/p>\n<\/li>\n<\/ul>\n<hr data-start=\"3505\" data-end=\"3508\" \/>\n<p data-start=\"3510\" data-end=\"3661\">\u00a0<\/p>\n\t\t\t\t\t\t\t\t<\/div>\n\t\t\t\t<\/div>\n\t\t\t\t\t<\/div>\n\t\t<\/div>\n\t\t\t\t\t<\/div>\n\t\t<\/section>\n\t\t\t\t<\/div>","protected":false},"excerpt":{"rendered":"<p>\u0110i\u1ec1u kho\u1ea3n s\u1eed d\u1ee5ng Ch\u00e0o m\u1eebng h\u1ecdc vi\u00ean \u0111\u1ebfn v\u1edbi Createdanang! Khi \u0111\u0103ng k\u00fd v\u00e0 tham gia kh\u00f3a h\u1ecdc t\u1ea1i qu\u00e1n caf\u00e9 c\u1ee7a ch\u00fang t\u00f4i, h\u1ecdc vi\u00ean \u0111\u1ed3ng \u00fd tu\u00e2n th\u1ee7 c\u00e1c \u0110i\u1ec1u kho\u1ea3n s\u1eed d\u1ee5ng d\u01b0\u1edbi \u0111\u00e2y. M\u1ee5c \u0111\u00edch c\u1ee7a c\u00e1c \u0111i\u1ec1u kho\u1ea3n l\u00e0 \u0111\u1ea3m b\u1ea3o quy\u1ec1n l\u1ee3i cho c\u1ea3 h\u1ecdc vi\u00ean v\u00e0 \u0111\u01a1n [&hellip;]<\/p>\n","protected":false},"author":1,"featured_media":0,"parent":0,"menu_order":0,"comment_status":"closed","ping_status":"closed","template":"","meta":{"nf_dc_page":"","site-sidebar-layout":"default","site-content-layout":"","ast-site-content-layout":"default","site-content-style":"default","site-sidebar-style":"default","ast-global-header-display":"","ast-banner-title-visibility":"","ast-main-header-display":"","ast-hfb-above-header-display":"","ast-hfb-below-header-display":"","ast-hfb-mobile-header-display":"","site-post-title":"","ast-breadcrumbs-content":"","ast-featured-img":"","footer-sml-layout":"","ast-disable-related-posts":"","theme-transparent-header-meta":"","adv-header-id-meta":"","stick-header-meta":"","header-above-stick-meta":"","header-main-stick-meta":"","header-below-stick-meta":"","astra-migrate-meta-layouts":"default","ast-page-background-enabled":"default","ast-page-background-meta":{"desktop":{"background-color":"var(--ast-global-color-4)","background-image":"","background-repeat":"repeat","background-position":"center center","background-size":"auto","background-attachment":"scroll","background-type":"","background-media":"","overlay-type":"","overlay-color":"","overlay-opacity":"","overlay-gradient":""},"tablet":{"background-color":"","background-image":"","background-repeat":"repeat","background-position":"center center","background-size":"auto","background-attachment":"scroll","background-type":"","background-media":"","overlay-type":"","overlay-color":"","overlay-opacity":"","overlay-gradient":""},"mobile":{"background-color":"","background-image":"","background-repeat":"repeat","background-position":"center center","background-size":"auto","background-attachment":"scroll","background-type":"","background-media":"","overlay-type":"","overlay-color":"","overlay-opacity":"","overlay-gradient":""}},"ast-content-background-meta":{"desktop":{"background-color":"var(--ast-global-color-5)","background-image":"","background-repeat":"repeat","background-position":"center center","background-size":"auto","background-attachment":"scroll","background-type":"","background-media":"","overlay-type":"","overlay-color":"","overlay-opacity":"","overlay-gradient":""},"tablet":{"background-color":"var(--ast-global-color-5)","background-image":"","background-repeat":"repeat","background-position":"center center","background-size":"auto","background-attachment":"scroll","background-type":"","background-media":"","overlay-type":"","overlay-color":"","overlay-opacity":"","overlay-gradient":""},"mobile":{"background-color":"var(--ast-global-color-5)","background-image":"","background-repeat":"repeat","background-position":"center center","background-size":"auto","background-attachment":"scroll","background-type":"","background-media":"","overlay-type":"","overlay-color":"","overlay-opacity":"","overlay-gradient":""}},"footnotes":""},"class_list":["post-3473","page","type-page","status-publish","hentry"],"yoast_head":"<!-- This site is optimized with the Yoast SEO plugin v27.4 - https:\/\/yoast.com\/product\/yoast-seo-wordpress\/ -->\n<title>Term of use - Create Da Nang<\/title>\n<meta name=\"robots\" content=\"index, follow, max-snippet:-1, max-image-preview:large, max-video-preview:-1\" \/>\n<link rel=\"canonical\" href=\"https:\/\/createdanang.com\/vi\/?page_id=3473\" \/>\n<meta property=\"og:locale\" content=\"vi_VN\" \/>\n<meta property=\"og:type\" content=\"article\" \/>\n<meta property=\"og:title\" content=\"Term of use - Create Da Nang\" \/>\n<meta property=\"og:description\" content=\"\u0110i\u1ec1u kho\u1ea3n s\u1eed d\u1ee5ng Ch\u00e0o m\u1eebng h\u1ecdc vi\u00ean \u0111\u1ebfn v\u1edbi Createdanang! Khi \u0111\u0103ng k\u00fd v\u00e0 tham gia kh\u00f3a h\u1ecdc t\u1ea1i qu\u00e1n caf\u00e9 c\u1ee7a ch\u00fang t\u00f4i, h\u1ecdc vi\u00ean \u0111\u1ed3ng \u00fd tu\u00e2n th\u1ee7 c\u00e1c \u0110i\u1ec1u kho\u1ea3n s\u1eed d\u1ee5ng d\u01b0\u1edbi \u0111\u00e2y. M\u1ee5c \u0111\u00edch c\u1ee7a c\u00e1c \u0111i\u1ec1u kho\u1ea3n l\u00e0 \u0111\u1ea3m b\u1ea3o quy\u1ec1n l\u1ee3i cho c\u1ea3 h\u1ecdc vi\u00ean v\u00e0 \u0111\u01a1n [&hellip;]\" \/>\n<meta property=\"og:url\" content=\"https:\/\/createdanang.com\/vi\/?page_id=3473\" \/>\n<meta property=\"og:site_name\" content=\"Create Da Nang\" \/>\n<meta property=\"article:modified_time\" content=\"2025-09-08T23:53:00+00:00\" \/>\n<meta name=\"twitter:card\" content=\"summary_large_image\" \/>\n<meta name=\"twitter:label1\" content=\"\u01af\u1edbc t\u00ednh th\u1eddi gian \u0111\u1ecdc\" \/>\n\t<meta name=\"twitter:data1\" content=\"5 ph\u00fat\" \/>\n<script type=\"application\/ld+json\" class=\"yoast-schema-graph\">{\"@context\":\"https:\\\/\\\/schema.org\",\"@graph\":[{\"@type\":\"WebPage\",\"@id\":\"https:\\\/\\\/createdanang.com\\\/?page_id=3473\",\"url\":\"https:\\\/\\\/createdanang.com\\\/?page_id=3473\",\"name\":\"Term of use - Create Da Nang\",\"isPartOf\":{\"@id\":\"https:\\\/\\\/createdanang.com\\\/#website\"},\"datePublished\":\"2025-09-08T23:40:07+00:00\",\"dateModified\":\"2025-09-08T23:53:00+00:00\",\"breadcrumb\":{\"@id\":\"https:\\\/\\\/createdanang.com\\\/?page_id=3473#breadcrumb\"},\"inLanguage\":\"vi\",\"potentialAction\":[{\"@type\":\"ReadAction\",\"target\":[\"https:\\\/\\\/createdanang.com\\\/?page_id=3473\"]}]},{\"@type\":\"BreadcrumbList\",\"@id\":\"https:\\\/\\\/createdanang.com\\\/?page_id=3473#breadcrumb\",\"itemListElement\":[{\"@type\":\"ListItem\",\"position\":1,\"name\":\"Home\",\"item\":\"https:\\\/\\\/createdanang.com\\\/\"},{\"@type\":\"ListItem\",\"position\":2,\"name\":\"Term of use\"}]},{\"@type\":\"WebSite\",\"@id\":\"https:\\\/\\\/createdanang.com\\\/#website\",\"url\":\"https:\\\/\\\/createdanang.com\\\/\",\"name\":\"Create Da Nang\",\"description\":\"Art space &amp; coffee\",\"publisher\":{\"@id\":\"https:\\\/\\\/createdanang.com\\\/#organization\"},\"potentialAction\":[{\"@type\":\"SearchAction\",\"target\":{\"@type\":\"EntryPoint\",\"urlTemplate\":\"https:\\\/\\\/createdanang.com\\\/?s={search_term_string}\"},\"query-input\":{\"@type\":\"PropertyValueSpecification\",\"valueRequired\":true,\"valueName\":\"search_term_string\"}}],\"inLanguage\":\"vi\"},{\"@type\":\"Organization\",\"@id\":\"https:\\\/\\\/createdanang.com\\\/#organization\",\"name\":\"Create Da Nang\",\"url\":\"https:\\\/\\\/createdanang.com\\\/\",\"logo\":{\"@type\":\"ImageObject\",\"inLanguage\":\"vi\",\"@id\":\"https:\\\/\\\/createdanang.com\\\/#\\\/schema\\\/logo\\\/image\\\/\",\"url\":\"https:\\\/\\\/i0.wp.com\\\/createdanang.com\\\/wp-content\\\/uploads\\\/2023\\\/02\\\/cropped-Logo-1.png?fit=100%2C70&ssl=1\",\"contentUrl\":\"https:\\\/\\\/i0.wp.com\\\/createdanang.com\\\/wp-content\\\/uploads\\\/2023\\\/02\\\/cropped-Logo-1.png?fit=100%2C70&ssl=1\",\"width\":100,\"height\":70,\"caption\":\"Create Da Nang\"},\"image\":{\"@id\":\"https:\\\/\\\/createdanang.com\\\/#\\\/schema\\\/logo\\\/image\\\/\"}}]}<\/script>\n<!-- \/ Yoast SEO plugin. -->","yoast_head_json":{"title":"Term of use - Create Da Nang","robots":{"index":"index","follow":"follow","max-snippet":"max-snippet:-1","max-image-preview":"max-image-preview:large","max-video-preview":"max-video-preview:-1"},"canonical":"https:\/\/createdanang.com\/vi\/?page_id=3473","og_locale":"vi_VN","og_type":"article","og_title":"Term of use - Create Da Nang","og_description":"\u0110i\u1ec1u kho\u1ea3n s\u1eed d\u1ee5ng Ch\u00e0o m\u1eebng h\u1ecdc vi\u00ean \u0111\u1ebfn v\u1edbi Createdanang! Khi \u0111\u0103ng k\u00fd v\u00e0 tham gia kh\u00f3a h\u1ecdc t\u1ea1i qu\u00e1n caf\u00e9 c\u1ee7a ch\u00fang t\u00f4i, h\u1ecdc vi\u00ean \u0111\u1ed3ng \u00fd tu\u00e2n th\u1ee7 c\u00e1c \u0110i\u1ec1u kho\u1ea3n s\u1eed d\u1ee5ng d\u01b0\u1edbi \u0111\u00e2y. M\u1ee5c \u0111\u00edch c\u1ee7a c\u00e1c \u0111i\u1ec1u kho\u1ea3n l\u00e0 \u0111\u1ea3m b\u1ea3o quy\u1ec1n l\u1ee3i cho c\u1ea3 h\u1ecdc vi\u00ean v\u00e0 \u0111\u01a1n [&hellip;]","og_url":"https:\/\/createdanang.com\/vi\/?page_id=3473","og_site_name":"Create Da Nang","article_modified_time":"2025-09-08T23:53:00+00:00","twitter_card":"summary_large_image","twitter_misc":{"\u01af\u1edbc t\u00ednh th\u1eddi gian \u0111\u1ecdc":"5 ph\u00fat"},"schema":{"@context":"https:\/\/schema.org","@graph":[{"@type":"WebPage","@id":"https:\/\/createdanang.com\/?page_id=3473","url":"https:\/\/createdanang.com\/?page_id=3473","name":"Term of use - Create Da Nang","isPartOf":{"@id":"https:\/\/createdanang.com\/#website"},"datePublished":"2025-09-08T23:40:07+00:00","dateModified":"2025-09-08T23:53:00+00:00","breadcrumb":{"@id":"https:\/\/createdanang.com\/?page_id=3473#breadcrumb"},"inLanguage":"vi","potentialAction":[{"@type":"ReadAction","target":["https:\/\/createdanang.com\/?page_id=3473"]}]},{"@type":"BreadcrumbList","@id":"https:\/\/createdanang.com\/?page_id=3473#breadcrumb","itemListElement":[{"@type":"ListItem","position":1,"name":"Home","item":"https:\/\/createdanang.com\/"},{"@type":"ListItem","position":2,"name":"Term of use"}]},{"@type":"WebSite","@id":"https:\/\/createdanang.com\/#website","url":"https:\/\/createdanang.com\/","name":"Create Da Nang","description":"Art space &amp; coffee","publisher":{"@id":"https:\/\/createdanang.com\/#organization"},"potentialAction":[{"@type":"SearchAction","target":{"@type":"EntryPoint","urlTemplate":"https:\/\/createdanang.com\/?s={search_term_string}"},"query-input":{"@type":"PropertyValueSpecification","valueRequired":true,"valueName":"search_term_string"}}],"inLanguage":"vi"},{"@type":"Organization","@id":"https:\/\/createdanang.com\/#organization","name":"Create Da Nang","url":"https:\/\/createdanang.com\/","logo":{"@type":"ImageObject","inLanguage":"vi","@id":"https:\/\/createdanang.com\/#\/schema\/logo\/image\/","url":"https:\/\/i0.wp.com\/createdanang.com\/wp-content\/uploads\/2023\/02\/cropped-Logo-1.png?fit=100%2C70&ssl=1","contentUrl":"https:\/\/i0.wp.com\/createdanang.com\/wp-content\/uploads\/2023\/02\/cropped-Logo-1.png?fit=100%2C70&ssl=1","width":100,"height":70,"caption":"Create Da Nang"},"image":{"@id":"https:\/\/createdanang.com\/#\/schema\/logo\/image\/"}}]}},"jetpack_sharing_enabled":true,"_links":{"self":[{"href":"https:\/\/createdanang.com\/vi\/wp-json\/wp\/v2\/pages\/3473","targetHints":{"allow":["GET"]}}],"collection":[{"href":"https:\/\/createdanang.com\/vi\/wp-json\/wp\/v2\/pages"}],"about":[{"href":"https:\/\/createdanang.com\/vi\/wp-json\/wp\/v2\/types\/page"}],"author":[{"embeddable":true,"href":"https:\/\/createdanang.com\/vi\/wp-json\/wp\/v2\/users\/1"}],"replies":[{"embeddable":true,"href":"https:\/\/createdanang.com\/vi\/wp-json\/wp\/v2\/comments?post=3473"}],"version-history":[{"count":4,"href":"https:\/\/createdanang.com\/vi\/wp-json\/wp\/v2\/pages\/3473\/revisions"}],"predecessor-version":[{"id":3477,"href":"https:\/\/createdanang.com\/vi\/wp-json\/wp\/v2\/pages\/3473\/revisions\/3477"}],"wp:attachment":[{"href":"https:\/\/createdanang.com\/vi\/wp-json\/wp\/v2\/media?parent=3473"}],"curies":[{"name":"wp","href":"https:\/\/api.w.org\/{rel}","templated":true}]}}