{"id":3469,"date":"2025-09-09T06:26:41","date_gmt":"2025-09-08T23:26:41","guid":{"rendered":"https:\/\/createdanang.com\/?page_id=3469"},"modified":"2025-09-14T13:46:55","modified_gmt":"2025-09-14T06:46:55","slug":"payment-method","status":"publish","type":"page","link":"https:\/\/createdanang.com\/vi\/payment-method\/","title":{"rendered":"Ch\u00ednh s\u00e1ch thanh to\u00e1n"},"content":{"rendered":"<div data-elementor-type=\"wp-page\" data-elementor-id=\"3469\" class=\"elementor elementor-3469\" data-elementor-post-type=\"page\">\n\t\t\t\t\t\t<section class=\"elementor-section elementor-top-section elementor-element elementor-element-c8f2136 elementor-section-boxed elementor-section-height-default elementor-section-height-default\" data-id=\"c8f2136\" data-element_type=\"section\" data-e-type=\"section\">\n\t\t\t\t\t\t<div class=\"elementor-container elementor-column-gap-default\">\n\t\t\t\t\t<div class=\"elementor-column elementor-col-100 elementor-top-column elementor-element elementor-element-1eb82a0\" data-id=\"1eb82a0\" data-element_type=\"column\" data-e-type=\"column\">\n\t\t\t<div class=\"elementor-widget-wrap elementor-element-populated\">\n\t\t\t\t\t\t<div class=\"elementor-element elementor-element-a66271b elementor-widget elementor-widget-text-editor\" data-id=\"a66271b\" data-element_type=\"widget\" data-e-type=\"widget\" data-widget_type=\"text-editor.default\">\n\t\t\t\t<div class=\"elementor-widget-container\">\n\t\t\t\t\t\t\t\t\t<details>\n<summary><strong>Ph\u01b0\u01a1ng th\u1ee9c thanh to\u00e1n<\/strong><br \/>\u0110\u1ec3 mang \u0111\u1ebfn s\u1ef1 thu\u1eadn ti\u1ec7n v\u00e0 an to\u00e0n cho h\u1ecdc vi\u00ean trong qu\u00e1 tr\u00ecnh \u0111\u0103ng k\u00fd v\u00e0 tham gia c\u00e1c kh\u00f3a h\u1ecdc v\u1ebd tr\u1ef1c ti\u1ebfp t\u1ea1i qu\u00e1n caf\u00e9 c\u1ee7a ch\u00fang t\u00f4i, h\u1ec7 th\u1ed1ng thanh to\u00e1n \u0111\u01b0\u1ee3c tri\u1ec3n khai th\u00f4ng qua <strong>Alepay<\/strong> \u2013 m\u1ed9t trong nh\u1eefng c\u1ed5ng thanh to\u00e1n tr\u1ef1c tuy\u1ebfn uy t\u00edn h\u00e0ng \u0111\u1ea7u Vi\u1ec7t Nam. V\u1edbi Alepay, h\u1ecdc vi\u00ean c\u00f3 th\u1ec3 l\u1ef1a ch\u1ecdn nhi\u1ec1u h\u00ecnh th\u1ee9c thanh to\u00e1n kh\u00e1c nhau, ph\u00f9 h\u1ee3p v\u1edbi nhu c\u1ea7u v\u00e0 th\u00f3i quen s\u1eed d\u1ee5ng.<br \/>Vi\u1ec7c \u00e1p d\u1ee5ng Alepay gi\u00fap h\u1ecdc vi\u00ean an t\u00e2m tuy\u1ec7t \u0111\u1ed1i v\u00ec to\u00e0n b\u1ed9 giao d\u1ecbch \u0111\u1ec1u \u0111\u01b0\u1ee3c b\u1ea3o m\u1eadt b\u1eb1ng c\u00f4ng ngh\u1ec7 m\u00e3 h\u00f3a hi\u1ec7n \u0111\u1ea1i, tu\u00e2n th\u1ee7 chu\u1ea9n qu\u1ed1c t\u1ebf PCI DSS v\u00e0 SSL. Ch\u00fang t\u00f4i cam k\u1ebft kh\u00f4ng l\u01b0u gi\u1eef b\u1ea5t k\u1ef3 th\u00f4ng tin nh\u1ea1y c\u1ea3m n\u00e0o li\u00ean quan \u0111\u1ebfn th\u1ebb c\u1ee7a h\u1ecdc vi\u00ean.<\/summary>\n<p>\u00a0<\/p>\n<p><strong>1. Thanh to\u00e1n b\u1eb1ng th\u1ebb qu\u1ed1c t\u1ebf (Visa, MasterCard, JCB, American Express&#8230;)<\/strong><br \/>H\u1ecdc vi\u00ean c\u00f3 th\u1ec3 s\u1eed d\u1ee5ng th\u1ebb t\u00edn d\u1ee5ng (Credit Card) ho\u1eb7c th\u1ebb ghi n\u1ee3 (Debit Card) qu\u1ed1c t\u1ebf \u0111\u1ec3 thanh to\u00e1n h\u1ecdc ph\u00ed.<br \/>Khi ch\u1ecdn h\u00ecnh th\u1ee9c n\u00e0y, h\u1ec7 th\u1ed1ng s\u1ebd t\u1ef1 \u0111\u1ed9ng chuy\u1ec3n sang giao di\u1ec7n thanh to\u00e1n c\u1ee7a Alepay. T\u1ea1i \u0111\u00e2y, h\u1ecdc vi\u00ean ch\u1ec9 c\u1ea7n nh\u1eadp th\u00f4ng tin th\u1ebb v\u00e0 ti\u1ebfn h\u00e0nh x\u00e1c th\u1ef1c giao d\u1ecbch.<br \/>M\u1ecdi giao d\u1ecbch \u0111\u1ec1u \u0111\u01b0\u1ee3c h\u1ed7 tr\u1ee3 c\u00f4ng ngh\u1ec7 <strong>3D Secure<\/strong> (x\u00e1c th\u1ef1c hai l\u1edbp) nh\u1eb1m \u0111\u1ea3m b\u1ea3o an to\u00e0n.<br \/>Sau khi thanh to\u00e1n th\u00e0nh c\u00f4ng, h\u1ecdc vi\u00ean s\u1ebd nh\u1eadn ngay email x\u00e1c nh\u1eadn t\u1eeb h\u1ec7 th\u1ed1ng. \u0110\u1ed3ng th\u1eddi, nh\u00e2n vi\u00ean t\u01b0 v\u1ea5n c\u1ee7a ch\u00fang t\u00f4i s\u1ebd li\u00ean h\u1ec7 \u0111\u1ec3 s\u1eafp x\u1ebfp l\u1ecbch h\u1ecdc c\u1ee5 th\u1ec3 t\u1ea1i qu\u00e1n caf\u00e9 theo mong mu\u1ed1n c\u1ee7a h\u1ecdc vi\u00ean.<\/p>\n<p><strong>2. Thanh to\u00e1n qua th\u1ebb ATM n\u1ed9i \u0111\u1ecba<\/strong><br \/>H\u1ecdc vi\u00ean c\u00f3 th\u1ec3 l\u1ef1a ch\u1ecdn thanh to\u00e1n b\u1eb1ng th\u1ebb ATM c\u1ee7a c\u00e1c ng\u00e2n h\u00e0ng trong n\u01b0\u1edbc (Vietcombank, BIDV, VietinBank, ACB, Techcombank, Sacombank, v.v.).<br \/>\u0110i\u1ec1u ki\u1ec7n: th\u1ebb ATM c\u1ea7n ph\u1ea3i \u0111\u01b0\u1ee3c k\u00edch ho\u1ea1t d\u1ecbch v\u1ee5 Internet Banking ho\u1eb7c Mobile Banking.<br \/>Khi ch\u1ecdn ph\u01b0\u01a1ng th\u1ee9c n\u00e0y, h\u1ec7 th\u1ed1ng s\u1ebd \u0111i\u1ec1u h\u01b0\u1edbng sang c\u1ed5ng thanh to\u00e1n tr\u1ef1c tuy\u1ebfn c\u1ee7a ng\u00e2n h\u00e0ng. H\u1ecdc vi\u00ean ch\u1ec9 c\u1ea7n nh\u1eadp th\u00f4ng tin th\u1ebb v\u00e0 x\u00e1c th\u1ef1c giao d\u1ecbch b\u1eb1ng m\u00e3 OTP g\u1eedi qua SMS ho\u1eb7c \u1ee9ng d\u1ee5ng ng\u00e2n h\u00e0ng.<br \/>Sau khi thanh to\u00e1n ho\u00e0n t\u1ea5t, Alepay s\u1ebd ngay l\u1eadp t\u1ee9c g\u1eedi th\u00f4ng b\u00e1o x\u00e1c nh\u1eadn giao d\u1ecbch th\u00e0nh c\u00f4ng, v\u00e0 h\u1ec7 th\u1ed1ng c\u1ee7a ch\u00fang t\u00f4i s\u1ebd c\u1eadp nh\u1eadt tr\u1ea1ng th\u00e1i \u0111\u01a1n h\u00e0ng c\u1ee7a h\u1ecdc vi\u00ean.<\/p>\n<p><strong>3. \u0110\u1ea3m b\u1ea3o an to\u00e0n v\u00e0 b\u1ea3o m\u1eadt giao d\u1ecbch<\/strong><br \/>Ch\u00fang t\u00f4i hi\u1ec3u r\u1eb1ng b\u1ea3o m\u1eadt th\u00f4ng tin t\u00e0i ch\u00ednh l\u00e0 y\u1ebfu t\u1ed1 quan tr\u1ecdng h\u00e0ng \u0111\u1ea7u trong thanh to\u00e1n tr\u1ef1c tuy\u1ebfn. V\u00ec v\u1eady, to\u00e0n b\u1ed9 h\u1ec7 th\u1ed1ng \u0111\u01b0\u1ee3c thi\u1ebft k\u1ebf theo c\u00e1c nguy\u00ean t\u1eafc:<br \/><strong>B\u1ea3o m\u1eadt tuy\u1ec7t \u0111\u1ed1i:<\/strong> Th\u00f4ng tin th\u1ebb c\u1ee7a h\u1ecdc vi\u00ean \u0111\u01b0\u1ee3c m\u00e3 h\u00f3a nhi\u1ec1u l\u1edbp v\u00e0 x\u1eed l\u00fd tr\u1ef1c ti\u1ebfp b\u1edfi Alepay. Ch\u00fang t\u00f4i kh\u00f4ng l\u01b0u tr\u1eef d\u1eef li\u1ec7u th\u1ebb tr\u00ean h\u1ec7 th\u1ed1ng.<br \/><strong>X\u00e1c th\u1ef1c \u0111a l\u1edbp:<\/strong> C\u00e1c giao d\u1ecbch \u0111\u1ec1u tr\u1ea3i qua b\u01b0\u1edbc x\u00e1c th\u1ef1c OTP ho\u1eb7c 3D Secure. \u0110i\u1ec1u n\u00e0y gi\u00fap \u0111\u1ea3m b\u1ea3o r\u1eb1ng ch\u1ec9 ch\u1ee7 th\u1ebb m\u1edbi c\u00f3 th\u1ec3 ho\u00e0n t\u1ea5t thanh to\u00e1n.<br \/><strong>Gi\u00e1m s\u00e1t 24\/7:<\/strong> H\u1ec7 th\u1ed1ng Alepay v\u00e0 \u0111\u1ed9i ng\u0169 k\u1ef9 thu\u1eadt lu\u00f4n theo d\u00f5i \u0111\u1ec3 k\u1ecbp th\u1eddi ph\u00e1t hi\u1ec7n, ng\u0103n ch\u1eb7n c\u00e1c giao d\u1ecbch b\u1ea5t th\u01b0\u1eddng.<\/p>\n<p><strong>4. Quy tr\u00ecnh sau khi thanh to\u00e1n<\/strong><br \/>H\u1ecdc vi\u00ean ch\u1ecdn kh\u00f3a h\u1ecdc mong mu\u1ed1n v\u00e0 ti\u1ebfn h\u00e0nh thanh to\u00e1n qua Alepay.<br \/>Ngay sau khi giao d\u1ecbch th\u00e0nh c\u00f4ng, h\u1ec7 th\u1ed1ng s\u1ebd g\u1eedi email x\u00e1c nh\u1eadn k\u00e8m th\u00f4ng tin chi ti\u1ebft v\u1ec1 kh\u00f3a h\u1ecdc.<br \/>Nh\u00e2n vi\u00ean t\u01b0 v\u1ea5n c\u1ee7a ch\u00fang t\u00f4i s\u1ebd li\u00ean h\u1ec7 tr\u1ef1c ti\u1ebfp \u0111\u1ec3 th\u1ed1ng nh\u1ea5t th\u1eddi gian, \u0111\u1ecba \u0111i\u1ec3m h\u1ecdc t\u1ea1i qu\u00e1n caf\u00e9.<br \/>V\u00e0o ng\u00e0y h\u1ecdc, h\u1ecdc vi\u00ean ch\u1ec9 c\u1ea7n c\u00f3 m\u1eb7t \u0111\u00fang gi\u1edd, mang theo email x\u00e1c nh\u1eadn ho\u1eb7c th\u00f4ng tin \u0111\u00e3 \u0111\u0103ng k\u00fd \u0111\u1ec3 tham gia bu\u1ed5i h\u1ecdc.<\/p>\n<p><strong>5. H\u1ed7 tr\u1ee3 trong qu\u00e1 tr\u00ecnh thanh to\u00e1n<\/strong><br \/>Trong tr\u01b0\u1eddng h\u1ee3p h\u1ecdc vi\u00ean g\u1eb7p s\u1ef1 c\u1ed1 khi th\u1ef1c hi\u1ec7n thanh to\u00e1n, v\u00ed d\u1ee5 nh\u01b0:<br \/>Giao d\u1ecbch th\u1ea5t b\u1ea1i nh\u01b0ng ti\u1ec1n \u0111\u00e3 b\u1ecb tr\u1eeb.<br \/>Kh\u00f4ng nh\u1eadn \u0111\u01b0\u1ee3c email x\u00e1c nh\u1eadn sau khi thanh to\u00e1n.<br \/>L\u1ed7i k\u1ebft n\u1ed1i khi \u0111ang nh\u1eadp th\u00f4ng tin th\u1ebb.<br \/>Vui l\u00f2ng li\u00ean h\u1ec7 ngay v\u1edbi ch\u00fang t\u00f4i qua <strong>Hotline \/ Email<\/strong> \u0111\u01b0\u1ee3c cung c\u1ea5p tr\u00ean website. \u0110\u1ed9i ng\u0169 ch\u0103m s\u00f3c kh\u00e1ch h\u00e0ng s\u1ebd h\u1ed7 tr\u1ee3 ki\u1ec3m tra v\u00e0 x\u1eed l\u00fd trong v\u00f2ng <strong>24 gi\u1edd l\u00e0m vi\u1ec7c<\/strong>.<\/p>\n<p>6. Th\u00f4ng tin nh\u1eadn ti\u1ec1n<\/p>\n<p>T\u00ean ng\u00e2n h\u00e0ng: Ng\u00e2n h\u00e0ng Qu\u00e2n \u0110\u1ed9i Vi\u1ec7t Nam (MB Bank)<\/p>\n<p>T\u00ean ch\u1ee7 th\u1ebb:\u00a0<span style=\"background-color: #ffffff; color: #081b3a; font-family: SegoeuiPc, 'Segoe UI', 'San Francisco', 'Helvetica Neue', Helvetica, 'Lucida Grande', Roboto, Ubuntu, Tahoma, 'Microsoft Sans Serif', Arial, sans-serif; font-size: 15px; letter-spacing: 0.2px; white-space-collapse: preserve;\">ISMI CREATE CO. LTD<\/span><\/p>\n<p>STK:\u00a0<span style=\"background-color: #ffffff; color: #081b3a; font-family: SegoeuiPc, 'Segoe UI', 'San Francisco', 'Helvetica Neue', Helvetica, 'Lucida Grande', Roboto, Ubuntu, Tahoma, 'Microsoft Sans Serif', Arial, sans-serif; font-size: 15px; letter-spacing: 0.2px; white-space-collapse: preserve;\">3886888666<\/span><\/p>\n<p><\/p>\n<p>\u00a0<\/p>\n<p><\/p>\n<\/details>\n<p><!-- \/wp:details --><!-- wp:paragraph --><\/p>\n<p>\u00a0<\/p>\n<p><!-- \/wp:paragraph --><\/p>\t\t\t\t\t\t\t\t<\/div>\n\t\t\t\t<\/div>\n\t\t\t\t\t<\/div>\n\t\t<\/div>\n\t\t\t\t\t<\/div>\n\t\t<\/section>\n\t\t\t\t<\/div>","protected":false},"excerpt":{"rendered":"<p>Ph\u01b0\u01a1ng th\u1ee9c thanh to\u00e1n\u0110\u1ec3 mang \u0111\u1ebfn s\u1ef1 thu\u1eadn ti\u1ec7n v\u00e0 an to\u00e0n cho h\u1ecdc vi\u00ean trong qu\u00e1 tr\u00ecnh \u0111\u0103ng k\u00fd v\u00e0 tham gia c\u00e1c kh\u00f3a h\u1ecdc v\u1ebd tr\u1ef1c ti\u1ebfp t\u1ea1i qu\u00e1n caf\u00e9 c\u1ee7a ch\u00fang t\u00f4i, h\u1ec7 th\u1ed1ng thanh to\u00e1n \u0111\u01b0\u1ee3c tri\u1ec3n khai th\u00f4ng qua Alepay \u2013 m\u1ed9t trong nh\u1eefng c\u1ed5ng thanh to\u00e1n tr\u1ef1c tuy\u1ebfn uy [&hellip;]<\/p>\n","protected":false},"author":1,"featured_media":0,"parent":0,"menu_order":0,"comment_status":"closed","ping_status":"closed","template":"","meta":{"nf_dc_page":"","site-sidebar-layout":"default","site-content-layout":"","ast-site-content-layout":"default","site-content-style":"default","site-sidebar-style":"default","ast-global-header-display":"","ast-banner-title-visibility":"","ast-main-header-display":"","ast-hfb-above-header-display":"","ast-hfb-below-header-display":"","ast-hfb-mobile-header-display":"","site-post-title":"","ast-breadcrumbs-content":"","ast-featured-img":"","footer-sml-layout":"","ast-disable-related-posts":"","theme-transparent-header-meta":"","adv-header-id-meta":"","stick-header-meta":"","header-above-stick-meta":"","header-main-stick-meta":"","header-below-stick-meta":"","astra-migrate-meta-layouts":"set","ast-page-background-enabled":"default","ast-page-background-meta":{"desktop":{"background-color":"var(--ast-global-color-4)","background-image":"","background-repeat":"repeat","background-position":"center center","background-size":"auto","background-attachment":"scroll","background-type":"","background-media":"","overlay-type":"","overlay-color":"","overlay-opacity":"","overlay-gradient":""},"tablet":{"background-color":"","background-image":"","background-repeat":"repeat","background-position":"center center","background-size":"auto","background-attachment":"scroll","background-type":"","background-media":"","overlay-type":"","overlay-color":"","overlay-opacity":"","overlay-gradient":""},"mobile":{"background-color":"","background-image":"","background-repeat":"repeat","background-position":"center center","background-size":"auto","background-attachment":"scroll","background-type":"","background-media":"","overlay-type":"","overlay-color":"","overlay-opacity":"","overlay-gradient":""}},"ast-content-background-meta":{"desktop":{"background-color":"var(--ast-global-color-5)","background-image":"","background-repeat":"repeat","background-position":"center center","background-size":"auto","background-attachment":"scroll","background-type":"","background-media":"","overlay-type":"","overlay-color":"","overlay-opacity":"","overlay-gradient":""},"tablet":{"background-color":"var(--ast-global-color-5)","background-image":"","background-repeat":"repeat","background-position":"center center","background-size":"auto","background-attachment":"scroll","background-type":"","background-media":"","overlay-type":"","overlay-color":"","overlay-opacity":"","overlay-gradient":""},"mobile":{"background-color":"var(--ast-global-color-5)","background-image":"","background-repeat":"repeat","background-position":"center center","background-size":"auto","background-attachment":"scroll","background-type":"","background-media":"","overlay-type":"","overlay-color":"","overlay-opacity":"","overlay-gradient":""}},"footnotes":""},"class_list":["post-3469","page","type-page","status-publish","hentry"],"yoast_head":"<!-- This site is optimized with the Yoast SEO plugin v27.4 - https:\/\/yoast.com\/product\/yoast-seo-wordpress\/ -->\n<title>Payment method - Create Da Nang<\/title>\n<meta name=\"robots\" content=\"index, follow, max-snippet:-1, max-image-preview:large, max-video-preview:-1\" \/>\n<link rel=\"canonical\" href=\"https:\/\/createdanang.com\/vi\/payment-method\/\" \/>\n<meta property=\"og:locale\" content=\"vi_VN\" \/>\n<meta property=\"og:type\" content=\"article\" \/>\n<meta property=\"og:title\" content=\"Payment method - Create Da Nang\" \/>\n<meta property=\"og:description\" content=\"Ph\u01b0\u01a1ng th\u1ee9c thanh to\u00e1n\u0110\u1ec3 mang \u0111\u1ebfn s\u1ef1 thu\u1eadn ti\u1ec7n v\u00e0 an to\u00e0n cho h\u1ecdc vi\u00ean trong qu\u00e1 tr\u00ecnh \u0111\u0103ng k\u00fd v\u00e0 tham gia c\u00e1c kh\u00f3a h\u1ecdc v\u1ebd tr\u1ef1c ti\u1ebfp t\u1ea1i qu\u00e1n caf\u00e9 c\u1ee7a ch\u00fang t\u00f4i, h\u1ec7 th\u1ed1ng thanh to\u00e1n \u0111\u01b0\u1ee3c tri\u1ec3n khai th\u00f4ng qua Alepay \u2013 m\u1ed9t trong nh\u1eefng c\u1ed5ng thanh to\u00e1n tr\u1ef1c tuy\u1ebfn uy [&hellip;]\" \/>\n<meta property=\"og:url\" content=\"https:\/\/createdanang.com\/vi\/payment-method\/\" \/>\n<meta property=\"og:site_name\" content=\"Create Da Nang\" \/>\n<meta property=\"article:modified_time\" content=\"2025-09-14T06:46:55+00:00\" \/>\n<meta name=\"twitter:card\" content=\"summary_large_image\" \/>\n<meta name=\"twitter:label1\" content=\"\u01af\u1edbc t\u00ednh th\u1eddi gian \u0111\u1ecdc\" \/>\n\t<meta name=\"twitter:data1\" content=\"4 ph\u00fat\" \/>\n<script type=\"application\/ld+json\" class=\"yoast-schema-graph\">{\"@context\":\"https:\\\/\\\/schema.org\",\"@graph\":[{\"@type\":\"WebPage\",\"@id\":\"https:\\\/\\\/createdanang.com\\\/payment-method\\\/\",\"url\":\"https:\\\/\\\/createdanang.com\\\/payment-method\\\/\",\"name\":\"Payment method - Create Da Nang\",\"isPartOf\":{\"@id\":\"https:\\\/\\\/createdanang.com\\\/#website\"},\"datePublished\":\"2025-09-08T23:26:41+00:00\",\"dateModified\":\"2025-09-14T06:46:55+00:00\",\"breadcrumb\":{\"@id\":\"https:\\\/\\\/createdanang.com\\\/payment-method\\\/#breadcrumb\"},\"inLanguage\":\"vi\",\"potentialAction\":[{\"@type\":\"ReadAction\",\"target\":[\"https:\\\/\\\/createdanang.com\\\/payment-method\\\/\"]}]},{\"@type\":\"BreadcrumbList\",\"@id\":\"https:\\\/\\\/createdanang.com\\\/payment-method\\\/#breadcrumb\",\"itemListElement\":[{\"@type\":\"ListItem\",\"position\":1,\"name\":\"Home\",\"item\":\"https:\\\/\\\/createdanang.com\\\/\"},{\"@type\":\"ListItem\",\"position\":2,\"name\":\"Payment method\"}]},{\"@type\":\"WebSite\",\"@id\":\"https:\\\/\\\/createdanang.com\\\/#website\",\"url\":\"https:\\\/\\\/createdanang.com\\\/\",\"name\":\"Create Da Nang\",\"description\":\"Art space &amp; coffee\",\"publisher\":{\"@id\":\"https:\\\/\\\/createdanang.com\\\/#organization\"},\"potentialAction\":[{\"@type\":\"SearchAction\",\"target\":{\"@type\":\"EntryPoint\",\"urlTemplate\":\"https:\\\/\\\/createdanang.com\\\/?s={search_term_string}\"},\"query-input\":{\"@type\":\"PropertyValueSpecification\",\"valueRequired\":true,\"valueName\":\"search_term_string\"}}],\"inLanguage\":\"vi\"},{\"@type\":\"Organization\",\"@id\":\"https:\\\/\\\/createdanang.com\\\/#organization\",\"name\":\"Create Da Nang\",\"url\":\"https:\\\/\\\/createdanang.com\\\/\",\"logo\":{\"@type\":\"ImageObject\",\"inLanguage\":\"vi\",\"@id\":\"https:\\\/\\\/createdanang.com\\\/#\\\/schema\\\/logo\\\/image\\\/\",\"url\":\"https:\\\/\\\/i0.wp.com\\\/createdanang.com\\\/wp-content\\\/uploads\\\/2023\\\/02\\\/cropped-Logo-1.png?fit=100%2C70&ssl=1\",\"contentUrl\":\"https:\\\/\\\/i0.wp.com\\\/createdanang.com\\\/wp-content\\\/uploads\\\/2023\\\/02\\\/cropped-Logo-1.png?fit=100%2C70&ssl=1\",\"width\":100,\"height\":70,\"caption\":\"Create Da Nang\"},\"image\":{\"@id\":\"https:\\\/\\\/createdanang.com\\\/#\\\/schema\\\/logo\\\/image\\\/\"}}]}<\/script>\n<!-- \/ Yoast SEO plugin. -->","yoast_head_json":{"title":"Payment method - Create Da Nang","robots":{"index":"index","follow":"follow","max-snippet":"max-snippet:-1","max-image-preview":"max-image-preview:large","max-video-preview":"max-video-preview:-1"},"canonical":"https:\/\/createdanang.com\/vi\/payment-method\/","og_locale":"vi_VN","og_type":"article","og_title":"Payment method - Create Da Nang","og_description":"Ph\u01b0\u01a1ng th\u1ee9c thanh to\u00e1n\u0110\u1ec3 mang \u0111\u1ebfn s\u1ef1 thu\u1eadn ti\u1ec7n v\u00e0 an to\u00e0n cho h\u1ecdc vi\u00ean trong qu\u00e1 tr\u00ecnh \u0111\u0103ng k\u00fd v\u00e0 tham gia c\u00e1c kh\u00f3a h\u1ecdc v\u1ebd tr\u1ef1c ti\u1ebfp t\u1ea1i qu\u00e1n caf\u00e9 c\u1ee7a ch\u00fang t\u00f4i, h\u1ec7 th\u1ed1ng thanh to\u00e1n \u0111\u01b0\u1ee3c tri\u1ec3n khai th\u00f4ng qua Alepay \u2013 m\u1ed9t trong nh\u1eefng c\u1ed5ng thanh to\u00e1n tr\u1ef1c tuy\u1ebfn uy [&hellip;]","og_url":"https:\/\/createdanang.com\/vi\/payment-method\/","og_site_name":"Create Da Nang","article_modified_time":"2025-09-14T06:46:55+00:00","twitter_card":"summary_large_image","twitter_misc":{"\u01af\u1edbc t\u00ednh th\u1eddi gian \u0111\u1ecdc":"4 ph\u00fat"},"schema":{"@context":"https:\/\/schema.org","@graph":[{"@type":"WebPage","@id":"https:\/\/createdanang.com\/payment-method\/","url":"https:\/\/createdanang.com\/payment-method\/","name":"Payment method - Create Da Nang","isPartOf":{"@id":"https:\/\/createdanang.com\/#website"},"datePublished":"2025-09-08T23:26:41+00:00","dateModified":"2025-09-14T06:46:55+00:00","breadcrumb":{"@id":"https:\/\/createdanang.com\/payment-method\/#breadcrumb"},"inLanguage":"vi","potentialAction":[{"@type":"ReadAction","target":["https:\/\/createdanang.com\/payment-method\/"]}]},{"@type":"BreadcrumbList","@id":"https:\/\/createdanang.com\/payment-method\/#breadcrumb","itemListElement":[{"@type":"ListItem","position":1,"name":"Home","item":"https:\/\/createdanang.com\/"},{"@type":"ListItem","position":2,"name":"Payment method"}]},{"@type":"WebSite","@id":"https:\/\/createdanang.com\/#website","url":"https:\/\/createdanang.com\/","name":"Create Da Nang","description":"Art space &amp; coffee","publisher":{"@id":"https:\/\/createdanang.com\/#organization"},"potentialAction":[{"@type":"SearchAction","target":{"@type":"EntryPoint","urlTemplate":"https:\/\/createdanang.com\/?s={search_term_string}"},"query-input":{"@type":"PropertyValueSpecification","valueRequired":true,"valueName":"search_term_string"}}],"inLanguage":"vi"},{"@type":"Organization","@id":"https:\/\/createdanang.com\/#organization","name":"Create Da Nang","url":"https:\/\/createdanang.com\/","logo":{"@type":"ImageObject","inLanguage":"vi","@id":"https:\/\/createdanang.com\/#\/schema\/logo\/image\/","url":"https:\/\/i0.wp.com\/createdanang.com\/wp-content\/uploads\/2023\/02\/cropped-Logo-1.png?fit=100%2C70&ssl=1","contentUrl":"https:\/\/i0.wp.com\/createdanang.com\/wp-content\/uploads\/2023\/02\/cropped-Logo-1.png?fit=100%2C70&ssl=1","width":100,"height":70,"caption":"Create Da Nang"},"image":{"@id":"https:\/\/createdanang.com\/#\/schema\/logo\/image\/"}}]}},"jetpack_sharing_enabled":true,"_links":{"self":[{"href":"https:\/\/createdanang.com\/vi\/wp-json\/wp\/v2\/pages\/3469","targetHints":{"allow":["GET"]}}],"collection":[{"href":"https:\/\/createdanang.com\/vi\/wp-json\/wp\/v2\/pages"}],"about":[{"href":"https:\/\/createdanang.com\/vi\/wp-json\/wp\/v2\/types\/page"}],"author":[{"embeddable":true,"href":"https:\/\/createdanang.com\/vi\/wp-json\/wp\/v2\/users\/1"}],"replies":[{"embeddable":true,"href":"https:\/\/createdanang.com\/vi\/wp-json\/wp\/v2\/comments?post=3469"}],"version-history":[{"count":8,"href":"https:\/\/createdanang.com\/vi\/wp-json\/wp\/v2\/pages\/3469\/revisions"}],"predecessor-version":[{"id":3537,"href":"https:\/\/createdanang.com\/vi\/wp-json\/wp\/v2\/pages\/3469\/revisions\/3537"}],"wp:attachment":[{"href":"https:\/\/createdanang.com\/vi\/wp-json\/wp\/v2\/media?parent=3469"}],"curies":[{"name":"wp","href":"https:\/\/api.w.org\/{rel}","templated":true}]}}