{"id":3458,"date":"2025-09-09T05:53:25","date_gmt":"2025-09-08T22:53:25","guid":{"rendered":"https:\/\/createdanang.com\/?page_id=3458"},"modified":"2025-09-09T05:59:47","modified_gmt":"2025-09-08T22:59:47","slug":"chinh-sach-giao-nhan","status":"publish","type":"page","link":"https:\/\/createdanang.com\/vi\/chinh-sach-giao-nhan\/","title":{"rendered":"Ch\u00ednh s\u00e1ch giao nh\u1eadn"},"content":{"rendered":"<div data-elementor-type=\"wp-page\" data-elementor-id=\"3458\" class=\"elementor elementor-3458\" data-elementor-post-type=\"page\">\n\t\t\t\t\t\t<section class=\"elementor-section elementor-top-section elementor-element elementor-element-82974c7 elementor-section-boxed elementor-section-height-default elementor-section-height-default\" data-id=\"82974c7\" data-element_type=\"section\" data-e-type=\"section\">\n\t\t\t\t\t\t<div class=\"elementor-container elementor-column-gap-default\">\n\t\t\t\t\t<div class=\"elementor-column elementor-col-100 elementor-top-column elementor-element elementor-element-5a7876d\" data-id=\"5a7876d\" data-element_type=\"column\" data-e-type=\"column\">\n\t\t\t<div class=\"elementor-widget-wrap elementor-element-populated\">\n\t\t\t\t\t\t<div class=\"elementor-element elementor-element-bb4cda4 elementor-widget elementor-widget-text-editor\" data-id=\"bb4cda4\" data-element_type=\"widget\" data-e-type=\"widget\" data-widget_type=\"text-editor.default\">\n\t\t\t\t<div class=\"elementor-widget-container\">\n\t\t\t\t\t\t\t\t\t<div id=\"1up2m_5nebj\" data-component=\"rtf-block\"><h1 data-start=\"265\" data-end=\"316\">1. <strong data-start=\"270\" data-end=\"314\">Ch\u00ednh s\u00e1ch giao nh\u1eadn (Cung c\u1ea5p kh\u00f3a h\u1ecdc)<\/strong><\/h1><p data-start=\"318\" data-end=\"351\"><strong data-start=\"318\" data-end=\"349\">H\u00ecnh th\u1ee9c cung c\u1ea5p kh\u00f3a h\u1ecdc<\/strong><\/p><ul data-start=\"352\" data-end=\"611\"><li data-start=\"352\" data-end=\"508\"><p data-start=\"354\" data-end=\"445\">Sau khi h\u1ecdc vi\u00ean \u0111\u0103ng k\u00fd v\u00e0 thanh to\u00e1n th\u00e0nh c\u00f4ng, Createdanang s\u1ebd x\u00e1c nh\u1eadn l\u1ecbch h\u1ecdc qua:<\/p><ul data-start=\"448\" data-end=\"508\"><li data-start=\"448\" data-end=\"471\"><p data-start=\"450\" data-end=\"471\">Email \u0111\u0103ng k\u00fd, ho\u1eb7c<\/p><\/li><li data-start=\"474\" data-end=\"508\"><p data-start=\"476\" data-end=\"508\">Tin nh\u1eafn\/\u0111i\u1ec7n tho\u1ea1i tr\u1ef1c ti\u1ebfp.<\/p><\/li><\/ul><\/li><li data-start=\"509\" data-end=\"611\"><p data-start=\"511\" data-end=\"611\">H\u1ecdc vi\u00ean s\u1ebd tham gia h\u1ecdc <strong data-start=\"536\" data-end=\"582\">tr\u1ef1c ti\u1ebfp t\u1ea1i Createdanang \u0111\u1ecba \u0111i\u1ec3m t\u1ed5 ch\u1ee9c<\/strong> do <strong data-start=\"536\" data-end=\"582\">Createdanang<\/strong> th\u00f4ng b\u00e1o.<\/p><\/li><\/ul><p data-start=\"613\" data-end=\"645\"><strong data-start=\"613\" data-end=\"643\">Th\u1eddi gian cung c\u1ea5p d\u1ecbch v\u1ee5<\/strong><\/p><ul data-start=\"646\" data-end=\"914\"><li data-start=\"646\" data-end=\"732\"><p data-start=\"648\" data-end=\"732\">H\u1ecdc vi\u00ean c\u00f3 th\u1ec3 b\u1eaft \u0111\u1ea7u tham gia kh\u00f3a h\u1ecdc theo l\u1ecbch \u0111\u00e3 \u0111\u0103ng k\u00fd sau khi thanh to\u00e1n.<\/p><\/li><li data-start=\"807\" data-end=\"914\"><p data-start=\"809\" data-end=\"914\">Tr\u01b0\u1eddng h\u1ee3p c\u1ea7n \u0111\u1ed5i l\u1ecbch, h\u1ecdc vi\u00ean vui l\u00f2ng th\u00f4ng b\u00e1o tr\u01b0\u1edbc t\u1ed1i thi\u1ec3u <strong data-start=\"878\" data-end=\"888\">24 gi\u1edd<\/strong> \u0111\u1ec3 \u0111\u01b0\u1ee3c h\u1ed7 tr\u1ee3 s\u1eafp x\u1ebfp.<\/p><\/li><\/ul><\/div>\t\t\t\t\t\t\t\t<\/div>\n\t\t\t\t<\/div>\n\t\t\t\t\t<\/div>\n\t\t<\/div>\n\t\t\t\t\t<\/div>\n\t\t<\/section>\n\t\t\t\t<\/div>","protected":false},"excerpt":{"rendered":"<p>1. Ch\u00ednh s\u00e1ch giao nh\u1eadn (Cung c\u1ea5p kh\u00f3a h\u1ecdc) H\u00ecnh th\u1ee9c cung c\u1ea5p kh\u00f3a h\u1ecdc Sau khi h\u1ecdc vi\u00ean \u0111\u0103ng k\u00fd v\u00e0 thanh to\u00e1n th\u00e0nh c\u00f4ng, Createdanang s\u1ebd x\u00e1c nh\u1eadn l\u1ecbch h\u1ecdc qua: Email \u0111\u0103ng k\u00fd, ho\u1eb7c Tin nh\u1eafn\/\u0111i\u1ec7n tho\u1ea1i tr\u1ef1c ti\u1ebfp. H\u1ecdc vi\u00ean s\u1ebd tham gia h\u1ecdc tr\u1ef1c ti\u1ebfp t\u1ea1i Createdanang \u0111\u1ecba \u0111i\u1ec3m t\u1ed5 [&hellip;]<\/p>\n","protected":false},"author":1,"featured_media":0,"parent":0,"menu_order":0,"comment_status":"closed","ping_status":"closed","template":"","meta":{"nf_dc_page":"","site-sidebar-layout":"no-sidebar","site-content-layout":"page-builder","ast-site-content-layout":"full-width-container","site-content-style":"default","site-sidebar-style":"default","ast-global-header-display":"","ast-banner-title-visibility":"","ast-main-header-display":"","ast-hfb-above-header-display":"","ast-hfb-below-header-display":"","ast-hfb-mobile-header-display":"","site-post-title":"","ast-breadcrumbs-content":"","ast-featured-img":"disabled","footer-sml-layout":"","ast-disable-related-posts":"","theme-transparent-header-meta":"","adv-header-id-meta":"","stick-header-meta":"","header-above-stick-meta":"","header-main-stick-meta":"","header-below-stick-meta":"","astra-migrate-meta-layouts":"default","ast-page-background-enabled":"default","ast-page-background-meta":{"desktop":{"background-color":"var(--ast-global-color-4)","background-image":"","background-repeat":"repeat","background-position":"center center","background-size":"auto","background-attachment":"scroll","background-type":"","background-media":"","overlay-type":"","overlay-color":"","overlay-opacity":"","overlay-gradient":""},"tablet":{"background-color":"","background-image":"","background-repeat":"repeat","background-position":"center center","background-size":"auto","background-attachment":"scroll","background-type":"","background-media":"","overlay-type":"","overlay-color":"","overlay-opacity":"","overlay-gradient":""},"mobile":{"background-color":"","background-image":"","background-repeat":"repeat","background-position":"center center","background-size":"auto","background-attachment":"scroll","background-type":"","background-media":"","overlay-type":"","overlay-color":"","overlay-opacity":"","overlay-gradient":""}},"ast-content-background-meta":{"desktop":{"background-color":"var(--ast-global-color-5)","background-image":"","background-repeat":"repeat","background-position":"center center","background-size":"auto","background-attachment":"scroll","background-type":"","background-media":"","overlay-type":"","overlay-color":"","overlay-opacity":"","overlay-gradient":""},"tablet":{"background-color":"var(--ast-global-color-5)","background-image":"","background-repeat":"repeat","background-position":"center center","background-size":"auto","background-attachment":"scroll","background-type":"","background-media":"","overlay-type":"","overlay-color":"","overlay-opacity":"","overlay-gradient":""},"mobile":{"background-color":"var(--ast-global-color-5)","background-image":"","background-repeat":"repeat","background-position":"center center","background-size":"auto","background-attachment":"scroll","background-type":"","background-media":"","overlay-type":"","overlay-color":"","overlay-opacity":"","overlay-gradient":""}},"footnotes":""},"class_list":["post-3458","page","type-page","status-publish","hentry"],"yoast_head":"<!-- This site is optimized with the Yoast SEO plugin v27.4 - https:\/\/yoast.com\/product\/yoast-seo-wordpress\/ -->\n<title>Ch\u00ednh s\u00e1ch giao nh\u1eadn - Create Da Nang<\/title>\n<meta name=\"robots\" content=\"index, follow, max-snippet:-1, max-image-preview:large, max-video-preview:-1\" \/>\n<link rel=\"canonical\" href=\"https:\/\/createdanang.com\/vi\/chinh-sach-giao-nhan\/\" \/>\n<meta property=\"og:locale\" content=\"vi_VN\" \/>\n<meta property=\"og:type\" content=\"article\" \/>\n<meta property=\"og:title\" content=\"Ch\u00ednh s\u00e1ch giao nh\u1eadn - Create Da Nang\" \/>\n<meta property=\"og:description\" content=\"1. Ch\u00ednh s\u00e1ch giao nh\u1eadn (Cung c\u1ea5p kh\u00f3a h\u1ecdc) H\u00ecnh th\u1ee9c cung c\u1ea5p kh\u00f3a h\u1ecdc Sau khi h\u1ecdc vi\u00ean \u0111\u0103ng k\u00fd v\u00e0 thanh to\u00e1n th\u00e0nh c\u00f4ng, Createdanang s\u1ebd x\u00e1c nh\u1eadn l\u1ecbch h\u1ecdc qua: Email \u0111\u0103ng k\u00fd, ho\u1eb7c Tin nh\u1eafn\/\u0111i\u1ec7n tho\u1ea1i tr\u1ef1c ti\u1ebfp. H\u1ecdc vi\u00ean s\u1ebd tham gia h\u1ecdc tr\u1ef1c ti\u1ebfp t\u1ea1i Createdanang \u0111\u1ecba \u0111i\u1ec3m t\u1ed5 [&hellip;]\" \/>\n<meta property=\"og:url\" content=\"https:\/\/createdanang.com\/vi\/chinh-sach-giao-nhan\/\" \/>\n<meta property=\"og:site_name\" content=\"Create Da Nang\" \/>\n<meta property=\"article:modified_time\" content=\"2025-09-08T22:59:47+00:00\" \/>\n<meta name=\"twitter:card\" content=\"summary_large_image\" \/>\n<meta name=\"twitter:label1\" content=\"\u01af\u1edbc t\u00ednh th\u1eddi gian \u0111\u1ecdc\" \/>\n\t<meta name=\"twitter:data1\" content=\"1 ph\u00fat\" \/>\n<script type=\"application\/ld+json\" class=\"yoast-schema-graph\">{\"@context\":\"https:\\\/\\\/schema.org\",\"@graph\":[{\"@type\":\"WebPage\",\"@id\":\"https:\\\/\\\/createdanang.com\\\/chinh-sach-giao-nhan\\\/\",\"url\":\"https:\\\/\\\/createdanang.com\\\/chinh-sach-giao-nhan\\\/\",\"name\":\"Ch\u00ednh s\u00e1ch giao nh\u1eadn - Create Da Nang\",\"isPartOf\":{\"@id\":\"https:\\\/\\\/createdanang.com\\\/#website\"},\"datePublished\":\"2025-09-08T22:53:25+00:00\",\"dateModified\":\"2025-09-08T22:59:47+00:00\",\"breadcrumb\":{\"@id\":\"https:\\\/\\\/createdanang.com\\\/chinh-sach-giao-nhan\\\/#breadcrumb\"},\"inLanguage\":\"vi\",\"potentialAction\":[{\"@type\":\"ReadAction\",\"target\":[\"https:\\\/\\\/createdanang.com\\\/chinh-sach-giao-nhan\\\/\"]}]},{\"@type\":\"BreadcrumbList\",\"@id\":\"https:\\\/\\\/createdanang.com\\\/chinh-sach-giao-nhan\\\/#breadcrumb\",\"itemListElement\":[{\"@type\":\"ListItem\",\"position\":1,\"name\":\"Home\",\"item\":\"https:\\\/\\\/createdanang.com\\\/\"},{\"@type\":\"ListItem\",\"position\":2,\"name\":\"Ch\u00ednh s\u00e1ch giao nh\u1eadn\"}]},{\"@type\":\"WebSite\",\"@id\":\"https:\\\/\\\/createdanang.com\\\/#website\",\"url\":\"https:\\\/\\\/createdanang.com\\\/\",\"name\":\"Create Da Nang\",\"description\":\"Art space &amp; coffee\",\"publisher\":{\"@id\":\"https:\\\/\\\/createdanang.com\\\/#organization\"},\"potentialAction\":[{\"@type\":\"SearchAction\",\"target\":{\"@type\":\"EntryPoint\",\"urlTemplate\":\"https:\\\/\\\/createdanang.com\\\/?s={search_term_string}\"},\"query-input\":{\"@type\":\"PropertyValueSpecification\",\"valueRequired\":true,\"valueName\":\"search_term_string\"}}],\"inLanguage\":\"vi\"},{\"@type\":\"Organization\",\"@id\":\"https:\\\/\\\/createdanang.com\\\/#organization\",\"name\":\"Create Da Nang\",\"url\":\"https:\\\/\\\/createdanang.com\\\/\",\"logo\":{\"@type\":\"ImageObject\",\"inLanguage\":\"vi\",\"@id\":\"https:\\\/\\\/createdanang.com\\\/#\\\/schema\\\/logo\\\/image\\\/\",\"url\":\"https:\\\/\\\/i0.wp.com\\\/createdanang.com\\\/wp-content\\\/uploads\\\/2023\\\/02\\\/cropped-Logo-1.png?fit=100%2C70&ssl=1\",\"contentUrl\":\"https:\\\/\\\/i0.wp.com\\\/createdanang.com\\\/wp-content\\\/uploads\\\/2023\\\/02\\\/cropped-Logo-1.png?fit=100%2C70&ssl=1\",\"width\":100,\"height\":70,\"caption\":\"Create Da Nang\"},\"image\":{\"@id\":\"https:\\\/\\\/createdanang.com\\\/#\\\/schema\\\/logo\\\/image\\\/\"}}]}<\/script>\n<!-- \/ Yoast SEO plugin. -->","yoast_head_json":{"title":"Ch\u00ednh s\u00e1ch giao nh\u1eadn - Create Da Nang","robots":{"index":"index","follow":"follow","max-snippet":"max-snippet:-1","max-image-preview":"max-image-preview:large","max-video-preview":"max-video-preview:-1"},"canonical":"https:\/\/createdanang.com\/vi\/chinh-sach-giao-nhan\/","og_locale":"vi_VN","og_type":"article","og_title":"Ch\u00ednh s\u00e1ch giao nh\u1eadn - Create Da Nang","og_description":"1. Ch\u00ednh s\u00e1ch giao nh\u1eadn (Cung c\u1ea5p kh\u00f3a h\u1ecdc) H\u00ecnh th\u1ee9c cung c\u1ea5p kh\u00f3a h\u1ecdc Sau khi h\u1ecdc vi\u00ean \u0111\u0103ng k\u00fd v\u00e0 thanh to\u00e1n th\u00e0nh c\u00f4ng, Createdanang s\u1ebd x\u00e1c nh\u1eadn l\u1ecbch h\u1ecdc qua: Email \u0111\u0103ng k\u00fd, ho\u1eb7c Tin nh\u1eafn\/\u0111i\u1ec7n tho\u1ea1i tr\u1ef1c ti\u1ebfp. H\u1ecdc vi\u00ean s\u1ebd tham gia h\u1ecdc tr\u1ef1c ti\u1ebfp t\u1ea1i Createdanang \u0111\u1ecba \u0111i\u1ec3m t\u1ed5 [&hellip;]","og_url":"https:\/\/createdanang.com\/vi\/chinh-sach-giao-nhan\/","og_site_name":"Create Da Nang","article_modified_time":"2025-09-08T22:59:47+00:00","twitter_card":"summary_large_image","twitter_misc":{"\u01af\u1edbc t\u00ednh th\u1eddi gian \u0111\u1ecdc":"1 ph\u00fat"},"schema":{"@context":"https:\/\/schema.org","@graph":[{"@type":"WebPage","@id":"https:\/\/createdanang.com\/chinh-sach-giao-nhan\/","url":"https:\/\/createdanang.com\/chinh-sach-giao-nhan\/","name":"Ch\u00ednh s\u00e1ch giao nh\u1eadn - Create Da Nang","isPartOf":{"@id":"https:\/\/createdanang.com\/#website"},"datePublished":"2025-09-08T22:53:25+00:00","dateModified":"2025-09-08T22:59:47+00:00","breadcrumb":{"@id":"https:\/\/createdanang.com\/chinh-sach-giao-nhan\/#breadcrumb"},"inLanguage":"vi","potentialAction":[{"@type":"ReadAction","target":["https:\/\/createdanang.com\/chinh-sach-giao-nhan\/"]}]},{"@type":"BreadcrumbList","@id":"https:\/\/createdanang.com\/chinh-sach-giao-nhan\/#breadcrumb","itemListElement":[{"@type":"ListItem","position":1,"name":"Home","item":"https:\/\/createdanang.com\/"},{"@type":"ListItem","position":2,"name":"Ch\u00ednh s\u00e1ch giao nh\u1eadn"}]},{"@type":"WebSite","@id":"https:\/\/createdanang.com\/#website","url":"https:\/\/createdanang.com\/","name":"Create Da Nang","description":"Art space &amp; coffee","publisher":{"@id":"https:\/\/createdanang.com\/#organization"},"potentialAction":[{"@type":"SearchAction","target":{"@type":"EntryPoint","urlTemplate":"https:\/\/createdanang.com\/?s={search_term_string}"},"query-input":{"@type":"PropertyValueSpecification","valueRequired":true,"valueName":"search_term_string"}}],"inLanguage":"vi"},{"@type":"Organization","@id":"https:\/\/createdanang.com\/#organization","name":"Create Da Nang","url":"https:\/\/createdanang.com\/","logo":{"@type":"ImageObject","inLanguage":"vi","@id":"https:\/\/createdanang.com\/#\/schema\/logo\/image\/","url":"https:\/\/i0.wp.com\/createdanang.com\/wp-content\/uploads\/2023\/02\/cropped-Logo-1.png?fit=100%2C70&ssl=1","contentUrl":"https:\/\/i0.wp.com\/createdanang.com\/wp-content\/uploads\/2023\/02\/cropped-Logo-1.png?fit=100%2C70&ssl=1","width":100,"height":70,"caption":"Create Da Nang"},"image":{"@id":"https:\/\/createdanang.com\/#\/schema\/logo\/image\/"}}]}},"jetpack_sharing_enabled":true,"_links":{"self":[{"href":"https:\/\/createdanang.com\/vi\/wp-json\/wp\/v2\/pages\/3458","targetHints":{"allow":["GET"]}}],"collection":[{"href":"https:\/\/createdanang.com\/vi\/wp-json\/wp\/v2\/pages"}],"about":[{"href":"https:\/\/createdanang.com\/vi\/wp-json\/wp\/v2\/types\/page"}],"author":[{"embeddable":true,"href":"https:\/\/createdanang.com\/vi\/wp-json\/wp\/v2\/users\/1"}],"replies":[{"embeddable":true,"href":"https:\/\/createdanang.com\/vi\/wp-json\/wp\/v2\/comments?post=3458"}],"version-history":[{"count":4,"href":"https:\/\/createdanang.com\/vi\/wp-json\/wp\/v2\/pages\/3458\/revisions"}],"predecessor-version":[{"id":3463,"href":"https:\/\/createdanang.com\/vi\/wp-json\/wp\/v2\/pages\/3458\/revisions\/3463"}],"wp:attachment":[{"href":"https:\/\/createdanang.com\/vi\/wp-json\/wp\/v2\/media?parent=3458"}],"curies":[{"name":"wp","href":"https:\/\/api.w.org\/{rel}","templated":true}]}}