{"id":1544,"date":"2023-02-26T20:19:50","date_gmt":"2023-02-26T20:19:50","guid":{"rendered":"https:\/\/createdanang.com\/?page_id=1544"},"modified":"2026-03-02T12:22:09","modified_gmt":"2026-03-02T05:22:09","slug":"private-event","status":"publish","type":"page","link":"https:\/\/createdanang.com\/vi\/private-event\/","title":{"rendered":"Private Event"},"content":{"rendered":"<div data-elementor-type=\"wp-page\" data-elementor-id=\"1544\" class=\"elementor elementor-1544\" data-elementor-post-type=\"page\">\n\t\t\t\t\t\t<section class=\"elementor-section elementor-top-section elementor-element elementor-element-cb5c2f8 elementor-section-boxed elementor-section-height-default elementor-section-height-default\" data-id=\"cb5c2f8\" data-element_type=\"section\" data-e-type=\"section\">\n\t\t\t\t\t\t<div class=\"elementor-container elementor-column-gap-default\">\n\t\t\t\t\t<div class=\"elementor-column elementor-col-100 elementor-top-column elementor-element elementor-element-105d3200\" data-id=\"105d3200\" data-element_type=\"column\" data-e-type=\"column\">\n\t\t\t<div class=\"elementor-widget-wrap elementor-element-populated\">\n\t\t\t\t\t\t<div class=\"elementor-element elementor-element-4383392e elementor--h-position-center elementor--v-position-middle elementor-pagination-position-inside elementor-widget elementor-widget-slides\" data-id=\"4383392e\" data-element_type=\"widget\" data-e-type=\"widget\" data-settings=\"{&quot;navigation&quot;:&quot;dots&quot;,&quot;autoplay_speed&quot;:4000,&quot;autoplay&quot;:&quot;yes&quot;,&quot;pause_on_hover&quot;:&quot;yes&quot;,&quot;pause_on_interaction&quot;:&quot;yes&quot;,&quot;infinite&quot;:&quot;yes&quot;,&quot;transition&quot;:&quot;slide&quot;,&quot;transition_speed&quot;:500}\" data-widget_type=\"slides.default\">\n\t\t\t\t<div class=\"elementor-widget-container\">\n\t\t\t\t\t\t\t\t\t<div class=\"elementor-swiper\">\n\t\t\t\t\t<div class=\"elementor-slides-wrapper elementor-main-swiper swiper\" role=\"region\" aria-roledescription=\"carousel\" aria-label=\"Slides\" dir=\"ltr\" data-animation=\"fadeInUp\">\n\t\t\t\t<div class=\"swiper-wrapper elementor-slides\">\n\t\t\t\t\t\t\t\t\t\t<div class=\"elementor-repeater-item-954af09 swiper-slide\" role=\"group\" aria-roledescription=\"slide\"><div class=\"swiper-slide-bg\" role=\"img\"><\/div><div class=\"elementor-background-overlay\"><\/div><div class=\"swiper-slide-inner\" ><div class=\"swiper-slide-contents\"><div class=\"elementor-slide-heading\">C\u00e1c S\u1ef1 Ki\u1ec7n<\/div><div class=\"elementor-slide-description\">S\u1ef1 ki\u1ec7n ri\u00eang t\u1ea1i Create, \u0110\u00e0 N\u1eb5ng<\/div><\/div><\/div><\/div><div class=\"elementor-repeater-item-31025cc swiper-slide\" role=\"group\" aria-roledescription=\"slide\"><div class=\"swiper-slide-bg\" role=\"img\"><\/div><div class=\"elementor-background-overlay\"><\/div><div class=\"swiper-slide-inner\" ><div class=\"swiper-slide-contents\"><div class=\"elementor-slide-heading\">C\u00e1c S\u1ef1 Ki\u1ec7n<\/div><div class=\"elementor-slide-description\">S\u1ef1 ki\u1ec7n ri\u00eang t\u1ea1i Create, \u0110\u00e0 N\u1eb5ng<\/div><\/div><\/div><\/div><div class=\"elementor-repeater-item-b436e57 swiper-slide\" role=\"group\" aria-roledescription=\"slide\"><div class=\"swiper-slide-bg\" role=\"img\"><\/div><div class=\"elementor-background-overlay\"><\/div><div class=\"swiper-slide-inner\" ><div class=\"swiper-slide-contents\"><div class=\"elementor-slide-heading\">C\u00e1c S\u1ef1 Ki\u1ec7n<\/div><div class=\"elementor-slide-description\">S\u1ef1 ki\u1ec7n ri\u00eang t\u1ea1i Create, \u0110\u00e0 N\u1eb5ng<\/div><\/div><\/div><\/div>\t\t\t\t<\/div>\n\t\t\t\t\t\t\t\t\t\t\t\t\t\t\t\t\t\t\t\t<div class=\"swiper-pagination\"><\/div>\n\t\t\t\t\t\t\t\t\t\t\t\t<\/div>\n\t\t\t\t<\/div>\n\t\t\t\t\t\t\t\t<\/div>\n\t\t\t\t<\/div>\n\t\t\t\t<section class=\"elementor-section elementor-inner-section elementor-element elementor-element-5e9ac26 elementor-section-boxed elementor-section-height-default elementor-section-height-default\" data-id=\"5e9ac26\" data-element_type=\"section\" data-e-type=\"section\">\n\t\t\t\t\t\t<div class=\"elementor-container elementor-column-gap-default\">\n\t\t\t\t\t<div class=\"elementor-column elementor-col-50 elementor-inner-column elementor-element elementor-element-0b3a9dd\" data-id=\"0b3a9dd\" data-element_type=\"column\" data-e-type=\"column\">\n\t\t\t<div class=\"elementor-widget-wrap elementor-element-populated\">\n\t\t\t\t\t\t<div class=\"elementor-element elementor-element-0678262 elementor-widget elementor-widget-image\" data-id=\"0678262\" data-element_type=\"widget\" data-e-type=\"widget\" data-widget_type=\"image.default\">\n\t\t\t\t<div class=\"elementor-widget-container\">\n\t\t\t\t\t\t\t\t\t\t\t\t\t\t\t<img fetchpriority=\"high\" decoding=\"async\" width=\"1707\" height=\"2560\" src=\"https:\/\/i0.wp.com\/createdanang.com\/wp-content\/uploads\/2023\/04\/z4197443045515_853a5e4c6aa78cd282b9ca2a1f85e031-scaled.jpg?fit=1707%2C2560&amp;ssl=1\" class=\"attachment-full size-full wp-image-1995\" alt=\"\" srcset=\"https:\/\/i0.wp.com\/createdanang.com\/wp-content\/uploads\/2023\/04\/z4197443045515_853a5e4c6aa78cd282b9ca2a1f85e031-scaled.jpg?w=1707&amp;ssl=1 1707w, https:\/\/i0.wp.com\/createdanang.com\/wp-content\/uploads\/2023\/04\/z4197443045515_853a5e4c6aa78cd282b9ca2a1f85e031-scaled.jpg?resize=200%2C300&amp;ssl=1 200w, https:\/\/i0.wp.com\/createdanang.com\/wp-content\/uploads\/2023\/04\/z4197443045515_853a5e4c6aa78cd282b9ca2a1f85e031-scaled.jpg?resize=683%2C1024&amp;ssl=1 683w, https:\/\/i0.wp.com\/createdanang.com\/wp-content\/uploads\/2023\/04\/z4197443045515_853a5e4c6aa78cd282b9ca2a1f85e031-scaled.jpg?resize=768%2C1152&amp;ssl=1 768w, https:\/\/i0.wp.com\/createdanang.com\/wp-content\/uploads\/2023\/04\/z4197443045515_853a5e4c6aa78cd282b9ca2a1f85e031-scaled.jpg?resize=1024%2C1536&amp;ssl=1 1024w\" sizes=\"(max-width: 1200px) 100vw, 1200px\" \/>\t\t\t\t\t\t\t\t\t\t\t\t\t\t\t<\/div>\n\t\t\t\t<\/div>\n\t\t\t\t\t<\/div>\n\t\t<\/div>\n\t\t\t\t<div class=\"elementor-column elementor-col-50 elementor-inner-column elementor-element elementor-element-388e918\" data-id=\"388e918\" data-element_type=\"column\" data-e-type=\"column\">\n\t\t\t<div class=\"elementor-widget-wrap elementor-element-populated\">\n\t\t\t\t\t\t<div class=\"elementor-element elementor-element-e8b7b10 elementor-widget elementor-widget-heading\" data-id=\"e8b7b10\" data-element_type=\"widget\" data-e-type=\"widget\" data-widget_type=\"heading.default\">\n\t\t\t\t<div class=\"elementor-widget-container\">\n\t\t\t\t\t<h2 class=\"elementor-heading-title elementor-size-default\">C\u00e1c S\u1ef1 Ki\u1ec7n<\/h2>\t\t\t\t<\/div>\n\t\t\t\t<\/div>\n\t\t\t\t<div class=\"elementor-element elementor-element-26861c3 elementor-widget elementor-widget-text-editor\" data-id=\"26861c3\" data-element_type=\"widget\" data-e-type=\"widget\" data-widget_type=\"text-editor.default\">\n\t\t\t\t<div class=\"elementor-widget-container\">\n\t\t\t\t\t\t\t\t\t<p>B\u1ea1n c\u1ea7n m\u1ed9t kh\u00f4ng gian l\u00fd t\u01b0\u1edfng cho s\u1ef1 ki\u1ec7n ri\u00eang t\u01b0 c\u1ee7a m\u00ecnh? H\u00e3y \u0111\u1ebfn v\u1edbi Create! D\u00f9 \u0111\u00f3 l\u00e0 m\u1ed9t bu\u1ed5i v\u1ebd tranh th\u01b0 gi\u00e3n c\u00f9ng b\u1ea1n b\u00e8 hay m\u1ed9t cu\u1ed9c h\u1ecdp kinh doanh trang tr\u1ecdng, kh\u00f4ng gian linh ho\u1ea1t c\u1ee7a ch\u00fang t\u00f4i s\u1ebd \u0111\u00e1p \u1ee9ng m\u1ecdi nhu c\u1ea7u c\u1ee7a b\u1ea1n.<\/p><p>\u00a0<\/p><p>Ch\u00fang t\u00f4i s\u1ebd gi\u00fap b\u1ea1n bi\u1ebfn s\u1ef1 ki\u1ec7n tr\u1edf n\u00ean ho\u00e0n h\u1ea3o! Li\u00ean h\u1ec7 ngay \u0111\u1ec3 kh\u00e1m ph\u00e1 c\u00e1c g\u00f3i s\u1ef1 ki\u1ec7n ri\u00eang t\u01b0 v\u00e0 nh\u1eefng gi\u1ea3i ph\u00e1p t\u00f9y ch\u1ec9nh ph\u00f9 h\u1ee3p nh\u1ea5t v\u1edbi nhu c\u1ea7u c\u1ee7a b\u1ea1n.<\/p>\t\t\t\t\t\t\t\t<\/div>\n\t\t\t\t<\/div>\n\t\t\t\t<div class=\"elementor-element elementor-element-e51b28c elementor-widget elementor-widget-button\" data-id=\"e51b28c\" data-element_type=\"widget\" data-e-type=\"widget\" data-widget_type=\"button.default\">\n\t\t\t\t<div class=\"elementor-widget-container\">\n\t\t\t\t\t\t\t\t\t<div class=\"elementor-button-wrapper\">\n\t\t\t\t\t<a class=\"elementor-button elementor-button-link elementor-size-sm\" href=\"https:\/\/createdanang.com\/vi\/contact\/\">\n\t\t\t\t\t\t<span class=\"elementor-button-content-wrapper\">\n\t\t\t\t\t\t\t\t\t<span class=\"elementor-button-text\">Li\u00ean h\u1ec7 ch\u00fang t\u00f4i<\/span>\n\t\t\t\t\t<\/span>\n\t\t\t\t\t<\/a>\n\t\t\t\t<\/div>\n\t\t\t\t\t\t\t\t<\/div>\n\t\t\t\t<\/div>\n\t\t\t\t\t<\/div>\n\t\t<\/div>\n\t\t\t\t\t<\/div>\n\t\t<\/section>\n\t\t\t\t\t<\/div>\n\t\t<\/div>\n\t\t\t\t\t<\/div>\n\t\t<\/section>\n\t\t\t\t<\/div>","protected":false},"excerpt":{"rendered":"<p>Private EventsPrivate events at Create, Da NangPrivate EventsPrivate events at Create, Da NangPrivate EventsPrivate events at Create, Da Nang Private Events Looking for a venue to host your next private event? Look no further than Create! Our flexible space is perfect for a range of occasions, from a fun sip and paint night with the [&hellip;]<\/p>\n","protected":false},"author":1,"featured_media":0,"parent":0,"menu_order":0,"comment_status":"closed","ping_status":"closed","template":"","meta":{"nf_dc_page":"","site-sidebar-layout":"no-sidebar","site-content-layout":"page-builder","ast-site-content-layout":"default","site-content-style":"default","site-sidebar-style":"default","ast-global-header-display":"","ast-banner-title-visibility":"","ast-main-header-display":"","ast-hfb-above-header-display":"","ast-hfb-below-header-display":"","ast-hfb-mobile-header-display":"","site-post-title":"disabled","ast-breadcrumbs-content":"","ast-featured-img":"disabled","footer-sml-layout":"","ast-disable-related-posts":"","theme-transparent-header-meta":"","adv-header-id-meta":"","stick-header-meta":"","header-above-stick-meta":"","header-main-stick-meta":"","header-below-stick-meta":"","astra-migrate-meta-layouts":"default","ast-page-background-enabled":"default","ast-page-background-meta":{"desktop":{"background-color":"var(--ast-global-color-4)","background-image":"","background-repeat":"repeat","background-position":"center center","background-size":"auto","background-attachment":"scroll","background-type":"","background-media":"","overlay-type":"","overlay-color":"","overlay-opacity":"","overlay-gradient":""},"tablet":{"background-color":"","background-image":"","background-repeat":"repeat","background-position":"center center","background-size":"auto","background-attachment":"scroll","background-type":"","background-media":"","overlay-type":"","overlay-color":"","overlay-opacity":"","overlay-gradient":""},"mobile":{"background-color":"","background-image":"","background-repeat":"repeat","background-position":"center center","background-size":"auto","background-attachment":"scroll","background-type":"","background-media":"","overlay-type":"","overlay-color":"","overlay-opacity":"","overlay-gradient":""}},"ast-content-background-meta":{"desktop":{"background-color":"var(--ast-global-color-5)","background-image":"","background-repeat":"repeat","background-position":"center center","background-size":"auto","background-attachment":"scroll","background-type":"","background-media":"","overlay-type":"","overlay-color":"","overlay-opacity":"","overlay-gradient":""},"tablet":{"background-color":"var(--ast-global-color-5)","background-image":"","background-repeat":"repeat","background-position":"center center","background-size":"auto","background-attachment":"scroll","background-type":"","background-media":"","overlay-type":"","overlay-color":"","overlay-opacity":"","overlay-gradient":""},"mobile":{"background-color":"var(--ast-global-color-5)","background-image":"","background-repeat":"repeat","background-position":"center center","background-size":"auto","background-attachment":"scroll","background-type":"","background-media":"","overlay-type":"","overlay-color":"","overlay-opacity":"","overlay-gradient":""}},"footnotes":""},"class_list":["post-1544","page","type-page","status-publish","hentry"],"yoast_head":"<!-- This site is optimized with the Yoast SEO plugin v27.4 - https:\/\/yoast.com\/product\/yoast-seo-wordpress\/ -->\n<title>Private Event - Create Da Nang<\/title>\n<meta name=\"robots\" content=\"index, follow, max-snippet:-1, max-image-preview:large, max-video-preview:-1\" \/>\n<link rel=\"canonical\" href=\"https:\/\/createdanang.com\/vi\/private-event\/\" \/>\n<meta property=\"og:locale\" content=\"vi_VN\" \/>\n<meta property=\"og:type\" content=\"article\" \/>\n<meta property=\"og:title\" content=\"Private Event - Create Da Nang\" \/>\n<meta property=\"og:description\" content=\"Private EventsPrivate events at Create, Da NangPrivate EventsPrivate events at Create, Da NangPrivate EventsPrivate events at Create, Da Nang Private Events Looking for a venue to host your next private event? Look no further than Create! Our flexible space is perfect for a range of occasions, from a fun sip and paint night with the [&hellip;]\" \/>\n<meta property=\"og:url\" content=\"https:\/\/createdanang.com\/vi\/private-event\/\" \/>\n<meta property=\"og:site_name\" content=\"Create Da Nang\" \/>\n<meta property=\"article:modified_time\" content=\"2026-03-02T05:22:09+00:00\" \/>\n<meta property=\"og:image\" content=\"https:\/\/createdanang.com\/wp-content\/uploads\/2023\/04\/z4197443045515_853a5e4c6aa78cd282b9ca2a1f85e031-scaled.jpg\" \/>\n<meta name=\"twitter:card\" content=\"summary_large_image\" \/>\n<meta name=\"twitter:label1\" content=\"\u01af\u1edbc t\u00ednh th\u1eddi gian \u0111\u1ecdc\" \/>\n\t<meta name=\"twitter:data1\" content=\"1 ph\u00fat\" \/>\n<script type=\"application\/ld+json\" class=\"yoast-schema-graph\">{\"@context\":\"https:\\\/\\\/schema.org\",\"@graph\":[{\"@type\":\"WebPage\",\"@id\":\"https:\\\/\\\/createdanang.com\\\/private-event\\\/\",\"url\":\"https:\\\/\\\/createdanang.com\\\/private-event\\\/\",\"name\":\"Private Event - Create Da Nang\",\"isPartOf\":{\"@id\":\"https:\\\/\\\/createdanang.com\\\/#website\"},\"primaryImageOfPage\":{\"@id\":\"https:\\\/\\\/createdanang.com\\\/private-event\\\/#primaryimage\"},\"image\":{\"@id\":\"https:\\\/\\\/createdanang.com\\\/private-event\\\/#primaryimage\"},\"thumbnailUrl\":\"https:\\\/\\\/createdanang.com\\\/wp-content\\\/uploads\\\/2023\\\/04\\\/z4197443045515_853a5e4c6aa78cd282b9ca2a1f85e031-scaled.jpg\",\"datePublished\":\"2023-02-26T20:19:50+00:00\",\"dateModified\":\"2026-03-02T05:22:09+00:00\",\"breadcrumb\":{\"@id\":\"https:\\\/\\\/createdanang.com\\\/private-event\\\/#breadcrumb\"},\"inLanguage\":\"vi\",\"potentialAction\":[{\"@type\":\"ReadAction\",\"target\":[\"https:\\\/\\\/createdanang.com\\\/private-event\\\/\"]}]},{\"@type\":\"ImageObject\",\"inLanguage\":\"vi\",\"@id\":\"https:\\\/\\\/createdanang.com\\\/private-event\\\/#primaryimage\",\"url\":\"https:\\\/\\\/createdanang.com\\\/wp-content\\\/uploads\\\/2023\\\/04\\\/z4197443045515_853a5e4c6aa78cd282b9ca2a1f85e031-scaled.jpg\",\"contentUrl\":\"https:\\\/\\\/createdanang.com\\\/wp-content\\\/uploads\\\/2023\\\/04\\\/z4197443045515_853a5e4c6aa78cd282b9ca2a1f85e031-scaled.jpg\"},{\"@type\":\"BreadcrumbList\",\"@id\":\"https:\\\/\\\/createdanang.com\\\/private-event\\\/#breadcrumb\",\"itemListElement\":[{\"@type\":\"ListItem\",\"position\":1,\"name\":\"Home\",\"item\":\"https:\\\/\\\/createdanang.com\\\/\"},{\"@type\":\"ListItem\",\"position\":2,\"name\":\"Private Event\"}]},{\"@type\":\"WebSite\",\"@id\":\"https:\\\/\\\/createdanang.com\\\/#website\",\"url\":\"https:\\\/\\\/createdanang.com\\\/\",\"name\":\"Create Da Nang\",\"description\":\"Art space &amp; coffee\",\"publisher\":{\"@id\":\"https:\\\/\\\/createdanang.com\\\/#organization\"},\"potentialAction\":[{\"@type\":\"SearchAction\",\"target\":{\"@type\":\"EntryPoint\",\"urlTemplate\":\"https:\\\/\\\/createdanang.com\\\/?s={search_term_string}\"},\"query-input\":{\"@type\":\"PropertyValueSpecification\",\"valueRequired\":true,\"valueName\":\"search_term_string\"}}],\"inLanguage\":\"vi\"},{\"@type\":\"Organization\",\"@id\":\"https:\\\/\\\/createdanang.com\\\/#organization\",\"name\":\"Create Da Nang\",\"url\":\"https:\\\/\\\/createdanang.com\\\/\",\"logo\":{\"@type\":\"ImageObject\",\"inLanguage\":\"vi\",\"@id\":\"https:\\\/\\\/createdanang.com\\\/#\\\/schema\\\/logo\\\/image\\\/\",\"url\":\"https:\\\/\\\/i0.wp.com\\\/createdanang.com\\\/wp-content\\\/uploads\\\/2023\\\/02\\\/cropped-Logo-1.png?fit=100%2C70&ssl=1\",\"contentUrl\":\"https:\\\/\\\/i0.wp.com\\\/createdanang.com\\\/wp-content\\\/uploads\\\/2023\\\/02\\\/cropped-Logo-1.png?fit=100%2C70&ssl=1\",\"width\":100,\"height\":70,\"caption\":\"Create Da Nang\"},\"image\":{\"@id\":\"https:\\\/\\\/createdanang.com\\\/#\\\/schema\\\/logo\\\/image\\\/\"}}]}<\/script>\n<!-- \/ Yoast SEO plugin. -->","yoast_head_json":{"title":"Private Event - Create Da Nang","robots":{"index":"index","follow":"follow","max-snippet":"max-snippet:-1","max-image-preview":"max-image-preview:large","max-video-preview":"max-video-preview:-1"},"canonical":"https:\/\/createdanang.com\/vi\/private-event\/","og_locale":"vi_VN","og_type":"article","og_title":"Private Event - Create Da Nang","og_description":"Private EventsPrivate events at Create, Da NangPrivate EventsPrivate events at Create, Da NangPrivate EventsPrivate events at Create, Da Nang Private Events Looking for a venue to host your next private event? Look no further than Create! Our flexible space is perfect for a range of occasions, from a fun sip and paint night with the [&hellip;]","og_url":"https:\/\/createdanang.com\/vi\/private-event\/","og_site_name":"Create Da Nang","article_modified_time":"2026-03-02T05:22:09+00:00","og_image":[{"url":"https:\/\/createdanang.com\/wp-content\/uploads\/2023\/04\/z4197443045515_853a5e4c6aa78cd282b9ca2a1f85e031-scaled.jpg","type":"","width":"","height":""}],"twitter_card":"summary_large_image","twitter_misc":{"\u01af\u1edbc t\u00ednh th\u1eddi gian \u0111\u1ecdc":"1 ph\u00fat"},"schema":{"@context":"https:\/\/schema.org","@graph":[{"@type":"WebPage","@id":"https:\/\/createdanang.com\/private-event\/","url":"https:\/\/createdanang.com\/private-event\/","name":"Private Event - Create Da Nang","isPartOf":{"@id":"https:\/\/createdanang.com\/#website"},"primaryImageOfPage":{"@id":"https:\/\/createdanang.com\/private-event\/#primaryimage"},"image":{"@id":"https:\/\/createdanang.com\/private-event\/#primaryimage"},"thumbnailUrl":"https:\/\/createdanang.com\/wp-content\/uploads\/2023\/04\/z4197443045515_853a5e4c6aa78cd282b9ca2a1f85e031-scaled.jpg","datePublished":"2023-02-26T20:19:50+00:00","dateModified":"2026-03-02T05:22:09+00:00","breadcrumb":{"@id":"https:\/\/createdanang.com\/private-event\/#breadcrumb"},"inLanguage":"vi","potentialAction":[{"@type":"ReadAction","target":["https:\/\/createdanang.com\/private-event\/"]}]},{"@type":"ImageObject","inLanguage":"vi","@id":"https:\/\/createdanang.com\/private-event\/#primaryimage","url":"https:\/\/createdanang.com\/wp-content\/uploads\/2023\/04\/z4197443045515_853a5e4c6aa78cd282b9ca2a1f85e031-scaled.jpg","contentUrl":"https:\/\/createdanang.com\/wp-content\/uploads\/2023\/04\/z4197443045515_853a5e4c6aa78cd282b9ca2a1f85e031-scaled.jpg"},{"@type":"BreadcrumbList","@id":"https:\/\/createdanang.com\/private-event\/#breadcrumb","itemListElement":[{"@type":"ListItem","position":1,"name":"Home","item":"https:\/\/createdanang.com\/"},{"@type":"ListItem","position":2,"name":"Private Event"}]},{"@type":"WebSite","@id":"https:\/\/createdanang.com\/#website","url":"https:\/\/createdanang.com\/","name":"Create Da Nang","description":"Art space &amp; coffee","publisher":{"@id":"https:\/\/createdanang.com\/#organization"},"potentialAction":[{"@type":"SearchAction","target":{"@type":"EntryPoint","urlTemplate":"https:\/\/createdanang.com\/?s={search_term_string}"},"query-input":{"@type":"PropertyValueSpecification","valueRequired":true,"valueName":"search_term_string"}}],"inLanguage":"vi"},{"@type":"Organization","@id":"https:\/\/createdanang.com\/#organization","name":"Create Da Nang","url":"https:\/\/createdanang.com\/","logo":{"@type":"ImageObject","inLanguage":"vi","@id":"https:\/\/createdanang.com\/#\/schema\/logo\/image\/","url":"https:\/\/i0.wp.com\/createdanang.com\/wp-content\/uploads\/2023\/02\/cropped-Logo-1.png?fit=100%2C70&ssl=1","contentUrl":"https:\/\/i0.wp.com\/createdanang.com\/wp-content\/uploads\/2023\/02\/cropped-Logo-1.png?fit=100%2C70&ssl=1","width":100,"height":70,"caption":"Create Da Nang"},"image":{"@id":"https:\/\/createdanang.com\/#\/schema\/logo\/image\/"}}]}},"jetpack_sharing_enabled":true,"_links":{"self":[{"href":"https:\/\/createdanang.com\/vi\/wp-json\/wp\/v2\/pages\/1544","targetHints":{"allow":["GET"]}}],"collection":[{"href":"https:\/\/createdanang.com\/vi\/wp-json\/wp\/v2\/pages"}],"about":[{"href":"https:\/\/createdanang.com\/vi\/wp-json\/wp\/v2\/types\/page"}],"author":[{"embeddable":true,"href":"https:\/\/createdanang.com\/vi\/wp-json\/wp\/v2\/users\/1"}],"replies":[{"embeddable":true,"href":"https:\/\/createdanang.com\/vi\/wp-json\/wp\/v2\/comments?post=1544"}],"version-history":[{"count":20,"href":"https:\/\/createdanang.com\/vi\/wp-json\/wp\/v2\/pages\/1544\/revisions"}],"predecessor-version":[{"id":3670,"href":"https:\/\/createdanang.com\/vi\/wp-json\/wp\/v2\/pages\/1544\/revisions\/3670"}],"wp:attachment":[{"href":"https:\/\/createdanang.com\/vi\/wp-json\/wp\/v2\/media?parent=1544"}],"curies":[{"name":"wp","href":"https:\/\/api.w.org\/{rel}","templated":true}]}}