{"id":1477,"date":"2023-01-30T09:46:13","date_gmt":"2023-01-30T09:46:13","guid":{"rendered":"https:\/\/createdanang.com\/?page_id=1477"},"modified":"2026-03-02T12:20:37","modified_gmt":"2026-03-02T05:20:37","slug":"coffee-menu","status":"publish","type":"page","link":"https:\/\/createdanang.com\/vi\/coffee-menu\/","title":{"rendered":"Coffee Menu"},"content":{"rendered":"<div data-elementor-type=\"wp-page\" data-elementor-id=\"1477\" class=\"elementor elementor-1477\" data-elementor-post-type=\"page\">\n\t\t\t\t\t\t<section class=\"elementor-section elementor-top-section elementor-element elementor-element-3d3fc16 elementor-section-boxed elementor-section-height-default elementor-section-height-default\" data-id=\"3d3fc16\" data-element_type=\"section\" data-e-type=\"section\">\n\t\t\t\t\t\t<div class=\"elementor-container elementor-column-gap-default\">\n\t\t\t\t\t<div class=\"elementor-column elementor-col-100 elementor-top-column elementor-element elementor-element-51cd464d\" data-id=\"51cd464d\" data-element_type=\"column\" data-e-type=\"column\">\n\t\t\t<div class=\"elementor-widget-wrap elementor-element-populated\">\n\t\t\t\t\t\t<div class=\"elementor-element elementor-element-3712df76 elementor-widget elementor-widget-heading\" data-id=\"3712df76\" data-element_type=\"widget\" data-e-type=\"widget\" data-widget_type=\"heading.default\">\n\t\t\t\t<div class=\"elementor-widget-container\">\n\t\t\t\t\t<h1 class=\"elementor-heading-title elementor-size-default\">Cafe at Create<\/h1>\t\t\t\t<\/div>\n\t\t\t\t<\/div>\n\t\t\t\t<section class=\"elementor-section elementor-inner-section elementor-element elementor-element-ea9c00e elementor-section-boxed elementor-section-height-default elementor-section-height-default\" data-id=\"ea9c00e\" data-element_type=\"section\" data-e-type=\"section\">\n\t\t\t\t\t\t<div class=\"elementor-container elementor-column-gap-default\">\n\t\t\t\t\t<div class=\"elementor-column elementor-col-33 elementor-inner-column elementor-element elementor-element-5568da3\" data-id=\"5568da3\" data-element_type=\"column\" data-e-type=\"column\">\n\t\t\t<div class=\"elementor-widget-wrap elementor-element-populated\">\n\t\t\t\t\t\t<div class=\"elementor-element elementor-element-c693b9b elementor-widget elementor-widget-image\" data-id=\"c693b9b\" data-element_type=\"widget\" data-e-type=\"widget\" data-widget_type=\"image.default\">\n\t\t\t\t<div class=\"elementor-widget-container\">\n\t\t\t\t\t\t\t\t\t\t\t\t\t\t\t<img fetchpriority=\"high\" decoding=\"async\" width=\"2561\" height=\"1707\" src=\"https:\/\/i0.wp.com\/createdanang.com\/wp-content\/uploads\/2023\/04\/z4197429706921_5f8603b797dc853159d501740af6deb9.jpg?fit=2561%2C1707&amp;ssl=1\" class=\"attachment-full size-full wp-image-2003\" alt=\"\" srcset=\"https:\/\/i0.wp.com\/createdanang.com\/wp-content\/uploads\/2023\/04\/z4197429706921_5f8603b797dc853159d501740af6deb9.jpg?w=2561&amp;ssl=1 2561w, https:\/\/i0.wp.com\/createdanang.com\/wp-content\/uploads\/2023\/04\/z4197429706921_5f8603b797dc853159d501740af6deb9.jpg?resize=300%2C200&amp;ssl=1 300w, https:\/\/i0.wp.com\/createdanang.com\/wp-content\/uploads\/2023\/04\/z4197429706921_5f8603b797dc853159d501740af6deb9.jpg?resize=1024%2C683&amp;ssl=1 1024w, https:\/\/i0.wp.com\/createdanang.com\/wp-content\/uploads\/2023\/04\/z4197429706921_5f8603b797dc853159d501740af6deb9.jpg?resize=768%2C512&amp;ssl=1 768w, https:\/\/i0.wp.com\/createdanang.com\/wp-content\/uploads\/2023\/04\/z4197429706921_5f8603b797dc853159d501740af6deb9.jpg?resize=1536%2C1024&amp;ssl=1 1536w, https:\/\/i0.wp.com\/createdanang.com\/wp-content\/uploads\/2023\/04\/z4197429706921_5f8603b797dc853159d501740af6deb9.jpg?resize=2048%2C1365&amp;ssl=1 2048w, https:\/\/i0.wp.com\/createdanang.com\/wp-content\/uploads\/2023\/04\/z4197429706921_5f8603b797dc853159d501740af6deb9.jpg?resize=1320%2C880&amp;ssl=1 1320w, https:\/\/i0.wp.com\/createdanang.com\/wp-content\/uploads\/2023\/04\/z4197429706921_5f8603b797dc853159d501740af6deb9.jpg?resize=600%2C400&amp;ssl=1 600w, https:\/\/i0.wp.com\/createdanang.com\/wp-content\/uploads\/2023\/04\/z4197429706921_5f8603b797dc853159d501740af6deb9.jpg?w=2400&amp;ssl=1 2400w\" sizes=\"(max-width: 1200px) 100vw, 1200px\" \/>\t\t\t\t\t\t\t\t\t\t\t\t\t\t\t<\/div>\n\t\t\t\t<\/div>\n\t\t\t\t\t<\/div>\n\t\t<\/div>\n\t\t\t\t<div class=\"elementor-column elementor-col-66 elementor-inner-column elementor-element elementor-element-600c585\" data-id=\"600c585\" data-element_type=\"column\" data-e-type=\"column\">\n\t\t\t<div class=\"elementor-widget-wrap elementor-element-populated\">\n\t\t\t\t\t\t<div class=\"elementor-element elementor-element-ac7a214 elementor-widget elementor-widget-heading\" data-id=\"ac7a214\" data-element_type=\"widget\" data-e-type=\"widget\" data-widget_type=\"heading.default\">\n\t\t\t\t<div class=\"elementor-widget-container\">\n\t\t\t\t\t<h2 class=\"elementor-heading-title elementor-size-default\">Cafe<\/h2>\t\t\t\t<\/div>\n\t\t\t\t<\/div>\n\t\t\t\t<div class=\"elementor-element elementor-element-b0a81c4 elementor-widget elementor-widget-text-editor\" data-id=\"b0a81c4\" data-element_type=\"widget\" data-e-type=\"widget\" data-widget_type=\"text-editor.default\">\n\t\t\t\t<div class=\"elementor-widget-container\">\n\t\t\t\t\t\t\t\t\t<p>Gh\u00e9 th\u0103m qu\u00e1n c\u00e0 ph\u00ea c\u1ee7a ch\u00fang t\u00f4i \u0111\u1ec3 th\u01b0\u1edfng th\u1ee9c \u0111\u1ed3 u\u1ed1ng v\u00e0 n\u1ea1p \u0111\u1ea7y n\u0103ng l\u01b0\u1ee3ng s\u00e1ng t\u1ea1o. \u0110\u00e2y l\u00e0 kh\u00f4ng gian l\u00fd t\u01b0\u1edfng \u0111\u1ec3 kh\u01a1i ngu\u1ed3n \u00fd t\u01b0\u1edfng m\u1edbi ho\u1eb7c l\u00e0m vi\u1ec7c c\u00f9ng nh\u00f3m c\u1ee7a b\u1ea1n.<\/p>\t\t\t\t\t\t\t\t<\/div>\n\t\t\t\t<\/div>\n\t\t\t\t\t<\/div>\n\t\t<\/div>\n\t\t\t\t\t<\/div>\n\t\t<\/section>\n\t\t\t\t\t<\/div>\n\t\t<\/div>\n\t\t\t\t\t<\/div>\n\t\t<\/section>\n\t\t\t\t<section class=\"elementor-section elementor-top-section elementor-element elementor-element-da6599a elementor-section-boxed elementor-section-height-default elementor-section-height-default\" data-id=\"da6599a\" data-element_type=\"section\" data-e-type=\"section\">\n\t\t\t\t\t\t<div class=\"elementor-container elementor-column-gap-default\">\n\t\t\t\t\t<div class=\"elementor-column elementor-col-100 elementor-top-column elementor-element elementor-element-f4c95b9\" data-id=\"f4c95b9\" data-element_type=\"column\" data-e-type=\"column\">\n\t\t\t<div class=\"elementor-widget-wrap elementor-element-populated\">\n\t\t\t\t\t\t<div class=\"elementor-element elementor-element-e56d4bd elementor-widget elementor-widget-gallery\" data-id=\"e56d4bd\" data-element_type=\"widget\" data-e-type=\"widget\" data-settings=\"{&quot;gallery_layout&quot;:&quot;justified&quot;,&quot;ideal_row_height&quot;:{&quot;unit&quot;:&quot;px&quot;,&quot;size&quot;:250,&quot;sizes&quot;:[]},&quot;gap&quot;:{&quot;unit&quot;:&quot;px&quot;,&quot;size&quot;:15,&quot;sizes&quot;:[]},&quot;lazyload&quot;:&quot;yes&quot;,&quot;ideal_row_height_tablet&quot;:{&quot;unit&quot;:&quot;px&quot;,&quot;size&quot;:150,&quot;sizes&quot;:[]},&quot;ideal_row_height_mobile&quot;:{&quot;unit&quot;:&quot;px&quot;,&quot;size&quot;:150,&quot;sizes&quot;:[]},&quot;gap_tablet&quot;:{&quot;unit&quot;:&quot;px&quot;,&quot;size&quot;:10,&quot;sizes&quot;:[]},&quot;gap_mobile&quot;:{&quot;unit&quot;:&quot;px&quot;,&quot;size&quot;:10,&quot;sizes&quot;:[]},&quot;link_to&quot;:&quot;file&quot;,&quot;overlay_background&quot;:&quot;yes&quot;,&quot;content_hover_animation&quot;:&quot;fade-in&quot;}\" data-widget_type=\"gallery.default\">\n\t\t\t\t<div class=\"elementor-widget-container\">\n\t\t\t\t\t\t\t<div class=\"elementor-gallery__container\">\n\t\t\t\t\t\t\t<a class=\"e-gallery-item elementor-gallery-item elementor-animated-content\" href=\"https:\/\/i0.wp.com\/createdanang.com\/wp-content\/uploads\/2024\/04\/1.png?fit=2298%2C3250&#038;ssl=1\" data-elementor-open-lightbox=\"yes\" data-elementor-lightbox-slideshow=\"e56d4bd\" data-e-action-hash=\"#elementor-action%3Aaction%3Dlightbox%26settings%3DeyJpZCI6MjQ5NiwidXJsIjoiaHR0cHM6XC9cL2NyZWF0ZWRhbmFuZy5jb21cL3dwLWNvbnRlbnRcL3VwbG9hZHNcLzIwMjRcLzA0XC8xLnBuZyIsInNsaWRlc2hvdyI6ImU1NmQ0YmQifQ%3D%3D\">\n\t\t\t\t\t<div class=\"e-gallery-image elementor-gallery-item__image\" data-thumbnail=\"https:\/\/i0.wp.com\/createdanang.com\/wp-content\/uploads\/2024\/04\/1.png?fit=724%2C1024&amp;ssl=1\" data-width=\"724\" data-height=\"1024\" aria-label=\"\" role=\"img\" ><\/div>\n\t\t\t\t\t\t\t\t\t\t\t<div class=\"elementor-gallery-item__overlay\"><\/div>\n\t\t\t\t\t\t\t\t\t\t\t\t\t\t<\/a>\n\t\t\t\t\t\t\t<a class=\"e-gallery-item elementor-gallery-item elementor-animated-content\" href=\"https:\/\/i0.wp.com\/createdanang.com\/wp-content\/uploads\/2024\/04\/2.png?fit=2298%2C3250&#038;ssl=1\" data-elementor-open-lightbox=\"yes\" data-elementor-lightbox-slideshow=\"e56d4bd\" data-e-action-hash=\"#elementor-action%3Aaction%3Dlightbox%26settings%3DeyJpZCI6MjQ5NywidXJsIjoiaHR0cHM6XC9cL2NyZWF0ZWRhbmFuZy5jb21cL3dwLWNvbnRlbnRcL3VwbG9hZHNcLzIwMjRcLzA0XC8yLnBuZyIsInNsaWRlc2hvdyI6ImU1NmQ0YmQifQ%3D%3D\">\n\t\t\t\t\t<div class=\"e-gallery-image elementor-gallery-item__image\" data-thumbnail=\"https:\/\/i0.wp.com\/createdanang.com\/wp-content\/uploads\/2024\/04\/2.png?fit=724%2C1024&amp;ssl=1\" data-width=\"724\" data-height=\"1024\" aria-label=\"\" role=\"img\" ><\/div>\n\t\t\t\t\t\t\t\t\t\t\t<div class=\"elementor-gallery-item__overlay\"><\/div>\n\t\t\t\t\t\t\t\t\t\t\t\t\t\t<\/a>\n\t\t\t\t\t\t\t<a class=\"e-gallery-item elementor-gallery-item elementor-animated-content\" href=\"https:\/\/i0.wp.com\/createdanang.com\/wp-content\/uploads\/2024\/04\/3.png?fit=2298%2C3250&#038;ssl=1\" data-elementor-open-lightbox=\"yes\" data-elementor-lightbox-slideshow=\"e56d4bd\" data-e-action-hash=\"#elementor-action%3Aaction%3Dlightbox%26settings%3DeyJpZCI6MjQ5OCwidXJsIjoiaHR0cHM6XC9cL2NyZWF0ZWRhbmFuZy5jb21cL3dwLWNvbnRlbnRcL3VwbG9hZHNcLzIwMjRcLzA0XC8zLnBuZyIsInNsaWRlc2hvdyI6ImU1NmQ0YmQifQ%3D%3D\">\n\t\t\t\t\t<div class=\"e-gallery-image elementor-gallery-item__image\" data-thumbnail=\"https:\/\/i0.wp.com\/createdanang.com\/wp-content\/uploads\/2024\/04\/3.png?fit=724%2C1024&amp;ssl=1\" data-width=\"724\" data-height=\"1024\" aria-label=\"\" role=\"img\" ><\/div>\n\t\t\t\t\t\t\t\t\t\t\t<div class=\"elementor-gallery-item__overlay\"><\/div>\n\t\t\t\t\t\t\t\t\t\t\t\t\t\t<\/a>\n\t\t\t\t\t\t\t<a class=\"e-gallery-item elementor-gallery-item elementor-animated-content\" href=\"https:\/\/i0.wp.com\/createdanang.com\/wp-content\/uploads\/2024\/04\/4.png?fit=2298%2C3250&#038;ssl=1\" data-elementor-open-lightbox=\"yes\" data-elementor-lightbox-slideshow=\"e56d4bd\" data-e-action-hash=\"#elementor-action%3Aaction%3Dlightbox%26settings%3DeyJpZCI6MjQ5OSwidXJsIjoiaHR0cHM6XC9cL2NyZWF0ZWRhbmFuZy5jb21cL3dwLWNvbnRlbnRcL3VwbG9hZHNcLzIwMjRcLzA0XC80LnBuZyIsInNsaWRlc2hvdyI6ImU1NmQ0YmQifQ%3D%3D\">\n\t\t\t\t\t<div class=\"e-gallery-image elementor-gallery-item__image\" data-thumbnail=\"https:\/\/i0.wp.com\/createdanang.com\/wp-content\/uploads\/2024\/04\/4.png?fit=724%2C1024&amp;ssl=1\" data-width=\"724\" data-height=\"1024\" aria-label=\"\" role=\"img\" ><\/div>\n\t\t\t\t\t\t\t\t\t\t\t<div class=\"elementor-gallery-item__overlay\"><\/div>\n\t\t\t\t\t\t\t\t\t\t\t\t\t\t<\/a>\n\t\t\t\t\t\t\t<a class=\"e-gallery-item elementor-gallery-item elementor-animated-content\" href=\"https:\/\/i0.wp.com\/createdanang.com\/wp-content\/uploads\/2024\/04\/5.png?fit=2298%2C3250&#038;ssl=1\" data-elementor-open-lightbox=\"yes\" data-elementor-lightbox-slideshow=\"e56d4bd\" data-e-action-hash=\"#elementor-action%3Aaction%3Dlightbox%26settings%3DeyJpZCI6MjUwMCwidXJsIjoiaHR0cHM6XC9cL2NyZWF0ZWRhbmFuZy5jb21cL3dwLWNvbnRlbnRcL3VwbG9hZHNcLzIwMjRcLzA0XC81LnBuZyIsInNsaWRlc2hvdyI6ImU1NmQ0YmQifQ%3D%3D\">\n\t\t\t\t\t<div class=\"e-gallery-image elementor-gallery-item__image\" data-thumbnail=\"https:\/\/i0.wp.com\/createdanang.com\/wp-content\/uploads\/2024\/04\/5.png?fit=724%2C1024&amp;ssl=1\" data-width=\"724\" data-height=\"1024\" aria-label=\"\" role=\"img\" ><\/div>\n\t\t\t\t\t\t\t\t\t\t\t<div class=\"elementor-gallery-item__overlay\"><\/div>\n\t\t\t\t\t\t\t\t\t\t\t\t\t\t<\/a>\n\t\t\t\t\t\t\t<a class=\"e-gallery-item elementor-gallery-item elementor-animated-content\" href=\"https:\/\/i0.wp.com\/createdanang.com\/wp-content\/uploads\/2024\/04\/6.png?fit=2298%2C3250&#038;ssl=1\" data-elementor-open-lightbox=\"yes\" data-elementor-lightbox-slideshow=\"e56d4bd\" data-e-action-hash=\"#elementor-action%3Aaction%3Dlightbox%26settings%3DeyJpZCI6MjUwMiwidXJsIjoiaHR0cHM6XC9cL2NyZWF0ZWRhbmFuZy5jb21cL3dwLWNvbnRlbnRcL3VwbG9hZHNcLzIwMjRcLzA0XC82LnBuZyIsInNsaWRlc2hvdyI6ImU1NmQ0YmQifQ%3D%3D\">\n\t\t\t\t\t<div class=\"e-gallery-image elementor-gallery-item__image\" data-thumbnail=\"https:\/\/i0.wp.com\/createdanang.com\/wp-content\/uploads\/2024\/04\/6.png?fit=724%2C1024&amp;ssl=1\" data-width=\"724\" data-height=\"1024\" aria-label=\"\" role=\"img\" ><\/div>\n\t\t\t\t\t\t\t\t\t\t\t<div class=\"elementor-gallery-item__overlay\"><\/div>\n\t\t\t\t\t\t\t\t\t\t\t\t\t\t<\/a>\n\t\t\t\t\t<\/div>\n\t\t\t\t\t<\/div>\n\t\t\t\t<\/div>\n\t\t\t\t\t<\/div>\n\t\t<\/div>\n\t\t\t\t\t<\/div>\n\t\t<\/section>\n\t\t\t\t<\/div>","protected":false},"excerpt":{"rendered":"<p>Cafe at Create Cafe Stop by our cafe for some refreshments and fuel up your creative energy. Our cafe provides an ideal environment to spark your next big idea or work together with your team.<\/p>","protected":false},"author":1,"featured_media":0,"parent":0,"menu_order":0,"comment_status":"closed","ping_status":"closed","template":"","meta":{"nf_dc_page":"","site-sidebar-layout":"no-sidebar","site-content-layout":"page-builder","ast-site-content-layout":"default","site-content-style":"default","site-sidebar-style":"default","ast-global-header-display":"","ast-banner-title-visibility":"","ast-main-header-display":"","ast-hfb-above-header-display":"","ast-hfb-below-header-display":"","ast-hfb-mobile-header-display":"","site-post-title":"disabled","ast-breadcrumbs-content":"","ast-featured-img":"disabled","footer-sml-layout":"","ast-disable-related-posts":"","theme-transparent-header-meta":"","adv-header-id-meta":"","stick-header-meta":"","header-above-stick-meta":"","header-main-stick-meta":"","header-below-stick-meta":"","astra-migrate-meta-layouts":"default","ast-page-background-enabled":"default","ast-page-background-meta":{"desktop":{"background-color":"var(--ast-global-color-4)","background-image":"","background-repeat":"repeat","background-position":"center center","background-size":"auto","background-attachment":"scroll","background-type":"","background-media":"","overlay-type":"","overlay-color":"","overlay-opacity":"","overlay-gradient":""},"tablet":{"background-color":"","background-image":"","background-repeat":"repeat","background-position":"center center","background-size":"auto","background-attachment":"scroll","background-type":"","background-media":"","overlay-type":"","overlay-color":"","overlay-opacity":"","overlay-gradient":""},"mobile":{"background-color":"","background-image":"","background-repeat":"repeat","background-position":"center center","background-size":"auto","background-attachment":"scroll","background-type":"","background-media":"","overlay-type":"","overlay-color":"","overlay-opacity":"","overlay-gradient":""}},"ast-content-background-meta":{"desktop":{"background-color":"var(--ast-global-color-5)","background-image":"","background-repeat":"repeat","background-position":"center center","background-size":"auto","background-attachment":"scroll","background-type":"","background-media":"","overlay-type":"","overlay-color":"","overlay-opacity":"","overlay-gradient":""},"tablet":{"background-color":"var(--ast-global-color-5)","background-image":"","background-repeat":"repeat","background-position":"center center","background-size":"auto","background-attachment":"scroll","background-type":"","background-media":"","overlay-type":"","overlay-color":"","overlay-opacity":"","overlay-gradient":""},"mobile":{"background-color":"var(--ast-global-color-5)","background-image":"","background-repeat":"repeat","background-position":"center center","background-size":"auto","background-attachment":"scroll","background-type":"","background-media":"","overlay-type":"","overlay-color":"","overlay-opacity":"","overlay-gradient":""}},"footnotes":""},"class_list":["post-1477","page","type-page","status-publish","hentry"],"yoast_head":"<!-- This site is optimized with the Yoast SEO plugin v27.4 - https:\/\/yoast.com\/product\/yoast-seo-wordpress\/ -->\n<title>Coffee Menu - Create Da Nang<\/title>\n<meta name=\"robots\" content=\"index, follow, max-snippet:-1, max-image-preview:large, max-video-preview:-1\" \/>\n<link rel=\"canonical\" href=\"https:\/\/createdanang.com\/vi\/coffee-menu\/\" \/>\n<meta property=\"og:locale\" content=\"vi_VN\" \/>\n<meta property=\"og:type\" content=\"article\" \/>\n<meta property=\"og:title\" content=\"Coffee Menu - Create Da Nang\" \/>\n<meta property=\"og:description\" content=\"Cafe at Create Cafe Stop by our cafe for some refreshments and fuel up your creative energy. Our cafe provides an ideal environment to spark your next big idea or work together with your team.\" \/>\n<meta property=\"og:url\" content=\"https:\/\/createdanang.com\/vi\/coffee-menu\/\" \/>\n<meta property=\"og:site_name\" content=\"Create Da Nang\" \/>\n<meta property=\"article:modified_time\" content=\"2026-03-02T05:20:37+00:00\" \/>\n<meta property=\"og:image\" content=\"https:\/\/createdanang.com\/wp-content\/uploads\/2023\/04\/z4197429706921_5f8603b797dc853159d501740af6deb9.jpg\" \/>\n<meta name=\"twitter:card\" content=\"summary_large_image\" \/>\n<meta name=\"twitter:label1\" content=\"\u01af\u1edbc t\u00ednh th\u1eddi gian \u0111\u1ecdc\" \/>\n\t<meta name=\"twitter:data1\" content=\"1 ph\u00fat\" \/>\n<script type=\"application\/ld+json\" class=\"yoast-schema-graph\">{\"@context\":\"https:\\\/\\\/schema.org\",\"@graph\":[{\"@type\":\"WebPage\",\"@id\":\"https:\\\/\\\/createdanang.com\\\/coffee-menu\\\/\",\"url\":\"https:\\\/\\\/createdanang.com\\\/coffee-menu\\\/\",\"name\":\"Coffee Menu - Create Da Nang\",\"isPartOf\":{\"@id\":\"https:\\\/\\\/createdanang.com\\\/#website\"},\"primaryImageOfPage\":{\"@id\":\"https:\\\/\\\/createdanang.com\\\/coffee-menu\\\/#primaryimage\"},\"image\":{\"@id\":\"https:\\\/\\\/createdanang.com\\\/coffee-menu\\\/#primaryimage\"},\"thumbnailUrl\":\"https:\\\/\\\/createdanang.com\\\/wp-content\\\/uploads\\\/2023\\\/04\\\/z4197429706921_5f8603b797dc853159d501740af6deb9.jpg\",\"datePublished\":\"2023-01-30T09:46:13+00:00\",\"dateModified\":\"2026-03-02T05:20:37+00:00\",\"breadcrumb\":{\"@id\":\"https:\\\/\\\/createdanang.com\\\/coffee-menu\\\/#breadcrumb\"},\"inLanguage\":\"vi\",\"potentialAction\":[{\"@type\":\"ReadAction\",\"target\":[\"https:\\\/\\\/createdanang.com\\\/coffee-menu\\\/\"]}]},{\"@type\":\"ImageObject\",\"inLanguage\":\"vi\",\"@id\":\"https:\\\/\\\/createdanang.com\\\/coffee-menu\\\/#primaryimage\",\"url\":\"https:\\\/\\\/createdanang.com\\\/wp-content\\\/uploads\\\/2023\\\/04\\\/z4197429706921_5f8603b797dc853159d501740af6deb9.jpg\",\"contentUrl\":\"https:\\\/\\\/createdanang.com\\\/wp-content\\\/uploads\\\/2023\\\/04\\\/z4197429706921_5f8603b797dc853159d501740af6deb9.jpg\"},{\"@type\":\"BreadcrumbList\",\"@id\":\"https:\\\/\\\/createdanang.com\\\/coffee-menu\\\/#breadcrumb\",\"itemListElement\":[{\"@type\":\"ListItem\",\"position\":1,\"name\":\"Home\",\"item\":\"https:\\\/\\\/createdanang.com\\\/\"},{\"@type\":\"ListItem\",\"position\":2,\"name\":\"Coffee Menu\"}]},{\"@type\":\"WebSite\",\"@id\":\"https:\\\/\\\/createdanang.com\\\/#website\",\"url\":\"https:\\\/\\\/createdanang.com\\\/\",\"name\":\"Create Da Nang\",\"description\":\"Art space &amp; coffee\",\"publisher\":{\"@id\":\"https:\\\/\\\/createdanang.com\\\/#organization\"},\"potentialAction\":[{\"@type\":\"SearchAction\",\"target\":{\"@type\":\"EntryPoint\",\"urlTemplate\":\"https:\\\/\\\/createdanang.com\\\/?s={search_term_string}\"},\"query-input\":{\"@type\":\"PropertyValueSpecification\",\"valueRequired\":true,\"valueName\":\"search_term_string\"}}],\"inLanguage\":\"vi\"},{\"@type\":\"Organization\",\"@id\":\"https:\\\/\\\/createdanang.com\\\/#organization\",\"name\":\"Create Da Nang\",\"url\":\"https:\\\/\\\/createdanang.com\\\/\",\"logo\":{\"@type\":\"ImageObject\",\"inLanguage\":\"vi\",\"@id\":\"https:\\\/\\\/createdanang.com\\\/#\\\/schema\\\/logo\\\/image\\\/\",\"url\":\"https:\\\/\\\/i0.wp.com\\\/createdanang.com\\\/wp-content\\\/uploads\\\/2023\\\/02\\\/cropped-Logo-1.png?fit=100%2C70&ssl=1\",\"contentUrl\":\"https:\\\/\\\/i0.wp.com\\\/createdanang.com\\\/wp-content\\\/uploads\\\/2023\\\/02\\\/cropped-Logo-1.png?fit=100%2C70&ssl=1\",\"width\":100,\"height\":70,\"caption\":\"Create Da Nang\"},\"image\":{\"@id\":\"https:\\\/\\\/createdanang.com\\\/#\\\/schema\\\/logo\\\/image\\\/\"}}]}<\/script>\n<!-- \/ Yoast SEO plugin. -->","yoast_head_json":{"title":"Coffee Menu - Create Da Nang","robots":{"index":"index","follow":"follow","max-snippet":"max-snippet:-1","max-image-preview":"max-image-preview:large","max-video-preview":"max-video-preview:-1"},"canonical":"https:\/\/createdanang.com\/vi\/coffee-menu\/","og_locale":"vi_VN","og_type":"article","og_title":"Coffee Menu - Create Da Nang","og_description":"Cafe at Create Cafe Stop by our cafe for some refreshments and fuel up your creative energy. Our cafe provides an ideal environment to spark your next big idea or work together with your team.","og_url":"https:\/\/createdanang.com\/vi\/coffee-menu\/","og_site_name":"Create Da Nang","article_modified_time":"2026-03-02T05:20:37+00:00","og_image":[{"url":"https:\/\/createdanang.com\/wp-content\/uploads\/2023\/04\/z4197429706921_5f8603b797dc853159d501740af6deb9.jpg","type":"","width":"","height":""}],"twitter_card":"summary_large_image","twitter_misc":{"\u01af\u1edbc t\u00ednh th\u1eddi gian \u0111\u1ecdc":"1 ph\u00fat"},"schema":{"@context":"https:\/\/schema.org","@graph":[{"@type":"WebPage","@id":"https:\/\/createdanang.com\/coffee-menu\/","url":"https:\/\/createdanang.com\/coffee-menu\/","name":"Coffee Menu - Create Da Nang","isPartOf":{"@id":"https:\/\/createdanang.com\/#website"},"primaryImageOfPage":{"@id":"https:\/\/createdanang.com\/coffee-menu\/#primaryimage"},"image":{"@id":"https:\/\/createdanang.com\/coffee-menu\/#primaryimage"},"thumbnailUrl":"https:\/\/createdanang.com\/wp-content\/uploads\/2023\/04\/z4197429706921_5f8603b797dc853159d501740af6deb9.jpg","datePublished":"2023-01-30T09:46:13+00:00","dateModified":"2026-03-02T05:20:37+00:00","breadcrumb":{"@id":"https:\/\/createdanang.com\/coffee-menu\/#breadcrumb"},"inLanguage":"vi","potentialAction":[{"@type":"ReadAction","target":["https:\/\/createdanang.com\/coffee-menu\/"]}]},{"@type":"ImageObject","inLanguage":"vi","@id":"https:\/\/createdanang.com\/coffee-menu\/#primaryimage","url":"https:\/\/createdanang.com\/wp-content\/uploads\/2023\/04\/z4197429706921_5f8603b797dc853159d501740af6deb9.jpg","contentUrl":"https:\/\/createdanang.com\/wp-content\/uploads\/2023\/04\/z4197429706921_5f8603b797dc853159d501740af6deb9.jpg"},{"@type":"BreadcrumbList","@id":"https:\/\/createdanang.com\/coffee-menu\/#breadcrumb","itemListElement":[{"@type":"ListItem","position":1,"name":"Home","item":"https:\/\/createdanang.com\/"},{"@type":"ListItem","position":2,"name":"Coffee Menu"}]},{"@type":"WebSite","@id":"https:\/\/createdanang.com\/#website","url":"https:\/\/createdanang.com\/","name":"Create Da Nang","description":"Art space &amp; coffee","publisher":{"@id":"https:\/\/createdanang.com\/#organization"},"potentialAction":[{"@type":"SearchAction","target":{"@type":"EntryPoint","urlTemplate":"https:\/\/createdanang.com\/?s={search_term_string}"},"query-input":{"@type":"PropertyValueSpecification","valueRequired":true,"valueName":"search_term_string"}}],"inLanguage":"vi"},{"@type":"Organization","@id":"https:\/\/createdanang.com\/#organization","name":"Create Da Nang","url":"https:\/\/createdanang.com\/","logo":{"@type":"ImageObject","inLanguage":"vi","@id":"https:\/\/createdanang.com\/#\/schema\/logo\/image\/","url":"https:\/\/i0.wp.com\/createdanang.com\/wp-content\/uploads\/2023\/02\/cropped-Logo-1.png?fit=100%2C70&ssl=1","contentUrl":"https:\/\/i0.wp.com\/createdanang.com\/wp-content\/uploads\/2023\/02\/cropped-Logo-1.png?fit=100%2C70&ssl=1","width":100,"height":70,"caption":"Create Da Nang"},"image":{"@id":"https:\/\/createdanang.com\/#\/schema\/logo\/image\/"}}]}},"jetpack_sharing_enabled":true,"_links":{"self":[{"href":"https:\/\/createdanang.com\/vi\/wp-json\/wp\/v2\/pages\/1477","targetHints":{"allow":["GET"]}}],"collection":[{"href":"https:\/\/createdanang.com\/vi\/wp-json\/wp\/v2\/pages"}],"about":[{"href":"https:\/\/createdanang.com\/vi\/wp-json\/wp\/v2\/types\/page"}],"author":[{"embeddable":true,"href":"https:\/\/createdanang.com\/vi\/wp-json\/wp\/v2\/users\/1"}],"replies":[{"embeddable":true,"href":"https:\/\/createdanang.com\/vi\/wp-json\/wp\/v2\/comments?post=1477"}],"version-history":[{"count":11,"href":"https:\/\/createdanang.com\/vi\/wp-json\/wp\/v2\/pages\/1477\/revisions"}],"predecessor-version":[{"id":3667,"href":"https:\/\/createdanang.com\/vi\/wp-json\/wp\/v2\/pages\/1477\/revisions\/3667"}],"wp:attachment":[{"href":"https:\/\/createdanang.com\/vi\/wp-json\/wp\/v2\/media?parent=1477"}],"curies":[{"name":"wp","href":"https:\/\/api.w.org\/{rel}","templated":true}]}}